{"id":8,"date":"2017-04-29T22:13:56","date_gmt":"2017-04-29T22:13:56","guid":{"rendered":"https:\/\/mediasoft.com.pl\/projekty\/spawstalsk\/?page_id=8"},"modified":"2019-02-12T17:14:40","modified_gmt":"2019-02-12T17:14:40","slug":"kontakt","status":"publish","type":"page","link":"https:\/\/mediasoft.com.pl\/projekty\/spawstalsk\/kontakt\/","title":{"rendered":"Kontakt"},"content":{"rendered":"<p><\/p>\n<table style=\"border-collapse: collapse; width: 100%;\" border=\"0\">\n<tbody>\n<tr>\n<td style=\"width: 50%;\">\n<h4>Adres<\/h4>\n<\/td>\n<td style=\"width: 50%;\">\n<h4>Telefony, E-mail<\/h4>\n<\/td>\n<\/tr>\n<tr>\n<td style=\"width: 50%;\"><strong>Spaw-Stal S.K Szymon Kowalski<\/strong><br>44-341 Go\u0142kowice<br>ul.1-go Maja 75<\/td>\n<td style=\"width: 50%;\">e-mail: <a href=\"mailto:ogrodzenia@spawstalsk.pl\"><strong>ogrodzenia@spawstalsk.pl<\/strong><\/a><br>tel.kom.: <strong><a href=\"tel:783681132\">783-681-132<\/a><\/strong><br>tel.kom.: <strong><\/strong><\/a><strong><a href=\"tel:533742444\">533-742-444<\/a><\/strong><\/td>\n<\/tr>\n<\/tbody>\n<\/table>\n<form action=\"https:\/\/mediasoft.com.pl\/projekty\/spawstalsk\/contact\/\" method=\"post\">\n<div class=\"form-row\">&nbsp;<\/div>\n<div class=\"form-row\">\n<div class=\"col-md-12 mb-12\">&nbsp;<\/div>\n<\/div>\n<\/form>\n\n\n<h4>PRZE\u015aLIJ NAM SWOJE PYTANIE<\/h4>\n\n\n<div role=\"form\" class=\"wpcf7\" id=\"wpcf7-f1485-o1\" lang=\"pl-PL\" dir=\"ltr\">\n<div class=\"screen-reader-response\"><p role=\"status\" aria-live=\"polite\" aria-atomic=\"true\"><\/p> <ul><\/ul><\/div>\n<form action=\"\/projekty\/spawstalsk\/wp-json\/wp\/v2\/pages\/8#wpcf7-f1485-o1\" method=\"post\" class=\"wpcf7-form init\" novalidate=\"novalidate\" data-status=\"init\">\n<div style=\"display: none;\">\n<input type=\"hidden\" name=\"_wpcf7\" value=\"1485\" \/>\n<input type=\"hidden\" name=\"_wpcf7_version\" value=\"5.5.4\" \/>\n<input type=\"hidden\" name=\"_wpcf7_locale\" value=\"pl_PL\" \/>\n<input type=\"hidden\" name=\"_wpcf7_unit_tag\" value=\"wpcf7-f1485-o1\" \/>\n<input type=\"hidden\" name=\"_wpcf7_container_post\" value=\"0\" \/>\n<input type=\"hidden\" name=\"_wpcf7_posted_data_hash\" value=\"\" \/>\n<input type=\"hidden\" name=\"_wpcf7_recaptcha_response\" value=\"\" \/>\n<\/div>\n<div class=\"form-row\">\n<div class=\"col-md-4 mb-3\">\n<label for=\"nameSurname\">Imi\u0119 i nazwisko*<\/label><br \/>\n<span class=\"wpcf7-form-control-wrap nameSurname\"><input type=\"text\" name=\"nameSurname\" value=\"\" size=\"40\" class=\"wpcf7-form-control wpcf7-text wpcf7-validates-as-required\" id=\"nameSurname\" aria-required=\"true\" aria-invalid=\"false\" \/><\/span>\n<\/div>\n<div class=\"col-md-4 mb-3\">\n<label for=\"tel\">Telefon*<\/label><br \/>\n<span class=\"wpcf7-form-control-wrap tel\"><input type=\"tel\" name=\"tel\" value=\"\" size=\"40\" class=\"wpcf7-form-control wpcf7-text wpcf7-tel wpcf7-validates-as-required wpcf7-validates-as-tel\" id=\"tel\" aria-required=\"true\" aria-invalid=\"false\" \/><\/span>\n<\/div>\n<div class=\"col-md-4 mb-3\">\n<label for=\"email\">E-mail*<\/label><br \/>\n<span class=\"wpcf7-form-control-wrap email\"><input type=\"email\" name=\"email\" value=\"\" size=\"40\" class=\"wpcf7-form-control wpcf7-text wpcf7-email wpcf7-validates-as-required wpcf7-validates-as-email\" id=\"email\" aria-required=\"true\" aria-invalid=\"false\" \/><\/span>\n<\/div>\n<div class=\"col-md-6 mb-3\">\n<label for=\"message\">Wiadomo\u015b\u0107*<\/label><br \/>\n<span class=\"wpcf7-form-control-wrap message\"><textarea name=\"message\" cols=\"40\" rows=\"10\" class=\"wpcf7-form-control wpcf7-textarea wpcf7-validates-as-required\" id=\"message\" aria-required=\"true\" aria-invalid=\"false\"><\/textarea><\/span>\n<\/div>\n<div class=\"col-md-12 mb-3\">\n<span class=\"wpcf7-form-control-wrap acceptance-650\"><span class=\"wpcf7-form-control wpcf7-acceptance\"><span class=\"wpcf7-list-item\"><label><input type=\"checkbox\" name=\"acceptance-650\" value=\"1\" aria-invalid=\"false\" \/><span class=\"wpcf7-list-item-label\">Wyra\u017cam zgod\u0119 na przetwarzanie moich danych osobowych zgodnie z ustaw\u0105 o ochronie danych osobowych w zwi\u0105zku z realizacj\u0105 zg\u0142oszenia. <a href=\"https:\/\/mediasoft.com.pl\/projekty\/spawstalsk\/kontakt\/polityka-prywatnosci\" target=\"_blank\">Przeczyta\u0142em \/am Regulamin<\/a><\/span><\/label><\/span><\/span><\/span>\n<\/div>\n<\/div>\n<p><input type=\"submit\" value=\"Wy\u015blij\" class=\"wpcf7-form-control has-spinner wpcf7-submit\" \/><\/p>\n<div class=\"wpcf7-response-output\" aria-hidden=\"true\"><\/div><\/form><\/div>\n\n\n\n<p><iframe loading=\"lazy\" style=\"border: 0;\" src=\"https:\/\/www.google.com\/maps\/embed?pb=!1m18!1m12!1m3!1d883.1626843653586!2d18.50484028816222!3d49.91232799870647!2m3!1f0!2f0!3f0!3m2!1i1024!2i768!4f13.1!3m3!1m2!1s0x4711543942257683%3A0xcac4c8cfb1e30813!2sSPAW-STAL+S.K+SZYMON+KOWALSKI!5e1!3m2!1spl!2spl!4v1494996683326\" allowfullscreen=\"allowfullscreen\" width=\"1140\" height=\"400\" frameborder=\"0\"><\/iframe><\/p>\n","protected":false},"excerpt":{"rendered":"<p>Adres Telefony, E-mail Spaw-Stal S.K Szymon Kowalski44-341 Go\u0142kowiceul.1-go Maja 75 e-mail: ogrodzenia@spawstalsk.pltel.kom.: 783-681-132tel.kom.: 533-742-444 &nbsp; &nbsp; PRZE\u015aLIJ NAM SWOJE PYTANIE<\/p>\n","protected":false},"author":1,"featured_media":0,"parent":0,"menu_order":7,"comment_status":"closed","ping_status":"closed","template":"","meta":{"_genesis_hide_title":false,"_genesis_hide_breadcrumbs":false,"_genesis_hide_singular_image":false,"_genesis_hide_footer_widgets":false,"_genesis_custom_body_class":"","_genesis_custom_post_class":"","_genesis_layout":""},"yoast_head":"<!-- This site is optimized with the Yoast SEO plugin v18.0 - https:\/\/yoast.com\/wordpress\/plugins\/seo\/ -->\n<title>Kontakt - Spaw Stal S.K.<\/title>\n<meta name=\"robots\" content=\"index, follow, max-snippet:-1, max-image-preview:large, max-video-preview:-1\" \/>\n<link rel=\"canonical\" href=\"https:\/\/mediasoft.com.pl\/projekty\/spawstalsk\/kontakt\/\" \/>\n<meta property=\"og:locale\" content=\"pl_PL\" \/>\n<meta property=\"og:type\" content=\"article\" \/>\n<meta property=\"og:title\" content=\"Kontakt - Spaw Stal S.K.\" \/>\n<meta property=\"og:description\" content=\"Adres Telefony, E-mail Spaw-Stal S.K Szymon Kowalski44-341 Go\u0142kowiceul.1-go Maja 75 e-mail: ogrodzenia@spawstalsk.pltel.kom.: 783-681-132tel.kom.: 533-742-444 &nbsp; &nbsp; PRZE\u015aLIJ NAM SWOJE PYTANIE\" \/>\n<meta property=\"og:url\" content=\"https:\/\/mediasoft.com.pl\/projekty\/spawstalsk\/kontakt\/\" \/>\n<meta property=\"og:site_name\" content=\"Spaw Stal S.K.\" \/>\n<meta property=\"article:modified_time\" content=\"2019-02-12T17:14:40+00:00\" \/>\n<meta name=\"twitter:card\" content=\"summary_large_image\" \/>\n<script type=\"application\/ld+json\" class=\"yoast-schema-graph\">{\"@context\":\"https:\/\/schema.org\",\"@graph\":[{\"@type\":\"WebSite\",\"@id\":\"https:\/\/mediasoft.com.pl\/projekty\/spawstalsk\/#website\",\"url\":\"https:\/\/mediasoft.com.pl\/projekty\/spawstalsk\/\",\"name\":\"Spaw Stal S.K.\",\"description\":\"Nowoczesne Ogrodzenia\",\"potentialAction\":[{\"@type\":\"SearchAction\",\"target\":{\"@type\":\"EntryPoint\",\"urlTemplate\":\"https:\/\/mediasoft.com.pl\/projekty\/spawstalsk\/?s={search_term_string}\"},\"query-input\":\"required name=search_term_string\"}],\"inLanguage\":\"pl-PL\"},{\"@type\":\"WebPage\",\"@id\":\"https:\/\/mediasoft.com.pl\/projekty\/spawstalsk\/kontakt\/#webpage\",\"url\":\"https:\/\/mediasoft.com.pl\/projekty\/spawstalsk\/kontakt\/\",\"name\":\"Kontakt - Spaw Stal S.K.\",\"isPartOf\":{\"@id\":\"https:\/\/mediasoft.com.pl\/projekty\/spawstalsk\/#website\"},\"datePublished\":\"2017-04-29T22:13:56+00:00\",\"dateModified\":\"2019-02-12T17:14:40+00:00\",\"breadcrumb\":{\"@id\":\"https:\/\/mediasoft.com.pl\/projekty\/spawstalsk\/kontakt\/#breadcrumb\"},\"inLanguage\":\"pl-PL\",\"potentialAction\":[{\"@type\":\"ReadAction\",\"target\":[\"https:\/\/mediasoft.com.pl\/projekty\/spawstalsk\/kontakt\/\"]}]},{\"@type\":\"BreadcrumbList\",\"@id\":\"https:\/\/mediasoft.com.pl\/projekty\/spawstalsk\/kontakt\/#breadcrumb\",\"itemListElement\":[{\"@type\":\"ListItem\",\"position\":1,\"name\":\"Strona g\u0142\u00f3wna\",\"item\":\"https:\/\/mediasoft.com.pl\/projekty\/spawstalsk\/\"},{\"@type\":\"ListItem\",\"position\":2,\"name\":\"Kontakt\"}]}]}<\/script>\n<!-- \/ Yoast SEO plugin. -->","yoast_head_json":{"title":"Kontakt - Spaw Stal S.K.","robots":{"index":"index","follow":"follow","max-snippet":"max-snippet:-1","max-image-preview":"max-image-preview:large","max-video-preview":"max-video-preview:-1"},"canonical":"https:\/\/mediasoft.com.pl\/projekty\/spawstalsk\/kontakt\/","og_locale":"pl_PL","og_type":"article","og_title":"Kontakt - Spaw Stal S.K.","og_description":"Adres Telefony, E-mail Spaw-Stal S.K Szymon Kowalski44-341 Go\u0142kowiceul.1-go Maja 75 e-mail: ogrodzenia@spawstalsk.pltel.kom.: 783-681-132tel.kom.: 533-742-444 &nbsp; &nbsp; PRZE\u015aLIJ NAM SWOJE PYTANIE","og_url":"https:\/\/mediasoft.com.pl\/projekty\/spawstalsk\/kontakt\/","og_site_name":"Spaw Stal S.K.","article_modified_time":"2019-02-12T17:14:40+00:00","twitter_card":"summary_large_image","schema":{"@context":"https:\/\/schema.org","@graph":[{"@type":"WebSite","@id":"https:\/\/mediasoft.com.pl\/projekty\/spawstalsk\/#website","url":"https:\/\/mediasoft.com.pl\/projekty\/spawstalsk\/","name":"Spaw Stal S.K.","description":"Nowoczesne Ogrodzenia","potentialAction":[{"@type":"SearchAction","target":{"@type":"EntryPoint","urlTemplate":"https:\/\/mediasoft.com.pl\/projekty\/spawstalsk\/?s={search_term_string}"},"query-input":"required name=search_term_string"}],"inLanguage":"pl-PL"},{"@type":"WebPage","@id":"https:\/\/mediasoft.com.pl\/projekty\/spawstalsk\/kontakt\/#webpage","url":"https:\/\/mediasoft.com.pl\/projekty\/spawstalsk\/kontakt\/","name":"Kontakt - Spaw Stal S.K.","isPartOf":{"@id":"https:\/\/mediasoft.com.pl\/projekty\/spawstalsk\/#website"},"datePublished":"2017-04-29T22:13:56+00:00","dateModified":"2019-02-12T17:14:40+00:00","breadcrumb":{"@id":"https:\/\/mediasoft.com.pl\/projekty\/spawstalsk\/kontakt\/#breadcrumb"},"inLanguage":"pl-PL","potentialAction":[{"@type":"ReadAction","target":["https:\/\/mediasoft.com.pl\/projekty\/spawstalsk\/kontakt\/"]}]},{"@type":"BreadcrumbList","@id":"https:\/\/mediasoft.com.pl\/projekty\/spawstalsk\/kontakt\/#breadcrumb","itemListElement":[{"@type":"ListItem","position":1,"name":"Strona g\u0142\u00f3wna","item":"https:\/\/mediasoft.com.pl\/projekty\/spawstalsk\/"},{"@type":"ListItem","position":2,"name":"Kontakt"}]}]}},"_links":{"self":[{"href":"https:\/\/mediasoft.com.pl\/projekty\/spawstalsk\/wp-json\/wp\/v2\/pages\/8"}],"collection":[{"href":"https:\/\/mediasoft.com.pl\/projekty\/spawstalsk\/wp-json\/wp\/v2\/pages"}],"about":[{"href":"https:\/\/mediasoft.com.pl\/projekty\/spawstalsk\/wp-json\/wp\/v2\/types\/page"}],"author":[{"embeddable":true,"href":"https:\/\/mediasoft.com.pl\/projekty\/spawstalsk\/wp-json\/wp\/v2\/users\/1"}],"replies":[{"embeddable":true,"href":"https:\/\/mediasoft.com.pl\/projekty\/spawstalsk\/wp-json\/wp\/v2\/comments?post=8"}],"version-history":[{"count":29,"href":"https:\/\/mediasoft.com.pl\/projekty\/spawstalsk\/wp-json\/wp\/v2\/pages\/8\/revisions"}],"predecessor-version":[{"id":1502,"href":"https:\/\/mediasoft.com.pl\/projekty\/spawstalsk\/wp-json\/wp\/v2\/pages\/8\/revisions\/1502"}],"wp:attachment":[{"href":"https:\/\/mediasoft.com.pl\/projekty\/spawstalsk\/wp-json\/wp\/v2\/media?parent=8"}],"curies":[{"name":"wp","href":"https:\/\/api.w.org\/{rel}","templated":true}]}}