{"id":760,"date":"2018-07-30T12:17:12","date_gmt":"2018-07-30T12:17:12","guid":{"rendered":"https:\/\/mediasoft.com.pl\/projekty\/spawstalsk\/?page_id=760"},"modified":"2019-02-05T09:16:13","modified_gmt":"2019-02-05T09:16:13","slug":"wycena-balustrad","status":"publish","type":"page","link":"https:\/\/mediasoft.com.pl\/projekty\/spawstalsk\/wycena\/wycena-balustrad\/","title":{"rendered":"Wycena balustrad"},"content":{"rendered":"\n<ul class=\"wp-block-gallery columns-3 is-cropped\"><li class=\"blocks-gallery-item\"><figure><img loading=\"lazy\" width=\"368\" height=\"216\" src=\"https:\/\/mediasoft.com.pl\/projekty\/spawstalsk\/wp-content\/uploads\/2018\/08\/typA_1-1.png\" alt=\"\" data-id=\"1146\" data-link=\"https:\/\/mediasoft.com.pl\/projekty\/spawstalsk\/wycena\/wycena-balustrad\/typa_1-2\/\" class=\"wp-image-1146\" srcset=\"https:\/\/mediasoft.com.pl\/projekty\/spawstalsk\/wp-content\/uploads\/2018\/08\/typA_1-1.png 368w, https:\/\/mediasoft.com.pl\/projekty\/spawstalsk\/wp-content\/uploads\/2018\/08\/typA_1-1-300x176.png 300w\" sizes=\"(max-width: 368px) 100vw, 368px\" \/><\/figure><\/li><li class=\"blocks-gallery-item\"><figure><img loading=\"lazy\" width=\"560\" height=\"301\" src=\"https:\/\/mediasoft.com.pl\/projekty\/spawstalsk\/wp-content\/uploads\/2018\/08\/typB.png\" alt=\"\" data-id=\"1148\" data-link=\"https:\/\/mediasoft.com.pl\/projekty\/spawstalsk\/wycena\/wycena-balustrad\/typb\/\" class=\"wp-image-1148\" srcset=\"https:\/\/mediasoft.com.pl\/projekty\/spawstalsk\/wp-content\/uploads\/2018\/08\/typB.png 560w, https:\/\/mediasoft.com.pl\/projekty\/spawstalsk\/wp-content\/uploads\/2018\/08\/typB-300x161.png 300w\" sizes=\"(max-width: 560px) 100vw, 560px\" \/><\/figure><\/li><li class=\"blocks-gallery-item\"><figure><img loading=\"lazy\" width=\"524\" height=\"321\" src=\"https:\/\/mediasoft.com.pl\/projekty\/spawstalsk\/wp-content\/uploads\/2018\/08\/typC_1.png\" alt=\"\" data-id=\"1152\" data-link=\"https:\/\/mediasoft.com.pl\/projekty\/spawstalsk\/wycena\/wycena-balustrad\/typc_1\/\" class=\"wp-image-1152\" srcset=\"https:\/\/mediasoft.com.pl\/projekty\/spawstalsk\/wp-content\/uploads\/2018\/08\/typC_1.png 524w, https:\/\/mediasoft.com.pl\/projekty\/spawstalsk\/wp-content\/uploads\/2018\/08\/typC_1-300x184.png 300w\" sizes=\"(max-width: 524px) 100vw, 524px\" \/><\/figure><\/li><li class=\"blocks-gallery-item\"><figure><img loading=\"lazy\" width=\"528\" height=\"307\" src=\"https:\/\/mediasoft.com.pl\/projekty\/spawstalsk\/wp-content\/uploads\/2018\/08\/typD_1.png\" alt=\"\" data-id=\"1153\" data-link=\"https:\/\/mediasoft.com.pl\/projekty\/spawstalsk\/wycena\/wycena-balustrad\/typd_1\/\" class=\"wp-image-1153\" srcset=\"https:\/\/mediasoft.com.pl\/projekty\/spawstalsk\/wp-content\/uploads\/2018\/08\/typD_1.png 528w, https:\/\/mediasoft.com.pl\/projekty\/spawstalsk\/wp-content\/uploads\/2018\/08\/typD_1-300x174.png 300w\" sizes=\"(max-width: 528px) 100vw, 528px\" \/><\/figure><\/li><li class=\"blocks-gallery-item\"><figure><img loading=\"lazy\" width=\"542\" height=\"308\" src=\"https:\/\/mediasoft.com.pl\/projekty\/spawstalsk\/wp-content\/uploads\/2018\/08\/typE_1.png\" alt=\"\" data-id=\"1155\" data-link=\"https:\/\/mediasoft.com.pl\/projekty\/spawstalsk\/wycena\/wycena-balustrad\/type_1\/\" class=\"wp-image-1155\" srcset=\"https:\/\/mediasoft.com.pl\/projekty\/spawstalsk\/wp-content\/uploads\/2018\/08\/typE_1.png 542w, https:\/\/mediasoft.com.pl\/projekty\/spawstalsk\/wp-content\/uploads\/2018\/08\/typE_1-300x170.png 300w\" sizes=\"(max-width: 542px) 100vw, 542px\" \/><\/figure><\/li><li class=\"blocks-gallery-item\"><figure><img loading=\"lazy\" width=\"530\" height=\"283\" src=\"https:\/\/mediasoft.com.pl\/projekty\/spawstalsk\/wp-content\/uploads\/2018\/08\/typF_1.png\" alt=\"\" data-id=\"1156\" data-link=\"https:\/\/mediasoft.com.pl\/projekty\/spawstalsk\/wycena\/wycena-balustrad\/typf_1\/\" class=\"wp-image-1156\" srcset=\"https:\/\/mediasoft.com.pl\/projekty\/spawstalsk\/wp-content\/uploads\/2018\/08\/typF_1.png 530w, https:\/\/mediasoft.com.pl\/projekty\/spawstalsk\/wp-content\/uploads\/2018\/08\/typF_1-300x160.png 300w\" sizes=\"(max-width: 530px) 100vw, 530px\" \/><\/figure><\/li><\/ul>\n\n\n<div role=\"form\" class=\"wpcf7\" id=\"wpcf7-f1477-o1\" lang=\"pl-PL\" dir=\"ltr\">\n<div class=\"screen-reader-response\"><p role=\"status\" aria-live=\"polite\" aria-atomic=\"true\"><\/p> <ul><\/ul><\/div>\n<form action=\"\/projekty\/spawstalsk\/wp-json\/wp\/v2\/pages\/760#wpcf7-f1477-o1\" method=\"post\" class=\"wpcf7-form init\" novalidate=\"novalidate\" data-status=\"init\">\n<div style=\"display: none;\">\n<input type=\"hidden\" name=\"_wpcf7\" value=\"1477\" \/>\n<input type=\"hidden\" name=\"_wpcf7_version\" value=\"5.5.4\" \/>\n<input type=\"hidden\" name=\"_wpcf7_locale\" value=\"pl_PL\" \/>\n<input type=\"hidden\" name=\"_wpcf7_unit_tag\" value=\"wpcf7-f1477-o1\" \/>\n<input type=\"hidden\" name=\"_wpcf7_container_post\" value=\"0\" \/>\n<input type=\"hidden\" name=\"_wpcf7_posted_data_hash\" value=\"\" \/>\n<input type=\"hidden\" name=\"_wpcf7_recaptcha_response\" value=\"\" \/>\n<\/div>\n<h3>1. TYP<\/h3>\n<p>Wybierz typ zabudowy balustrady wed\u0142ug powy\u017cszych rysunk\u00f3w.<\/p>\n<div class=\"form-row\">\n<div class=\"col-md-6 mb-3\">\n<label for=\"balustrade\">Wybierz typ zabudowy balustrady<\/label><\/p>\n<p><span class=\"wpcf7-form-control-wrap balustrade\"><select name=\"balustrade\" class=\"wpcf7-form-control wpcf7-select\" id=\"balustrade\" aria-invalid=\"false\"><option value=\"\">---<\/option><option value=\"typ A\">typ A<\/option><option value=\"typ B\">typ B<\/option><option value=\"typ C\">typ C<\/option><option value=\"typ D\">typ D<\/option><option value=\"typ E\">typ E<\/option><option value=\"typ F\">typ F<\/option><option value=\"mieszana - opisz w rubryce &quot;Uwagi typ&quot;\">mieszana - opisz w rubryce &quot;Uwagi typ&quot;<\/option><\/select><\/span><\/p>\n<\/div>\n<div class=\"col-md-6 mb-3\">\n<label for=\"remarksOfBalustrade\">Uwagi-typ<\/label><\/p>\n<p><span class=\"wpcf7-form-control-wrap remarksOfBalustrade\"><textarea name=\"remarksOfBalustrade\" cols=\"40\" rows=\"10\" class=\"wpcf7-form-control wpcf7-textarea\" id=\"remarksOfBalustrade\" aria-invalid=\"false\"><\/textarea><\/span><\/p>\n<\/div>\n<\/div>\n<h3>2. Wymiary<\/h3>\n<div class=\"form-row\">\n<div class=\"col-md-6 mb-3\">\n<label for=\"lengthBalustrade\">D\u0142ugo\u015b\u0107 balustrady w metrach.<\/label><\/p>\n<p><span class=\"wpcf7-form-control-wrap lengthBalustrade\"><input type=\"number\" name=\"lengthBalustrade\" value=\"\" class=\"wpcf7-form-control wpcf7-number wpcf7-validates-as-number\" id=\"lengthBalustrade\" aria-invalid=\"false\" \/><\/span><\/p>\n<\/div>\n<div class=\"col-md-6 mb-3\">\n<label for=\"heightBalustrade\">Wysoko\u015b\u0107 ogrodzenia w najni\u017cszym punkcie - obok s\u0142upka<\/label><\/p>\n<p><span class=\"wpcf7-form-control-wrap heightBalustrade\"><input type=\"number\" name=\"heightBalustrade\" value=\"\" class=\"wpcf7-form-control wpcf7-number wpcf7-validates-as-number\" id=\"heightBalustrade\" aria-invalid=\"false\" \/><\/span><\/p>\n<\/div>\n<\/div>\n<h3>3. MONTA\u017b<\/h3>\n<div class=\"form-row\">\n<div class=\"col-md-4 mb-3\">\n<label for=\"typeOfMounting\">Spos\u00f3b monta\u017cu<\/label><\/p>\n<p><span class=\"wpcf7-form-control-wrap typeOfMounting\"><select name=\"typeOfMounting\" class=\"wpcf7-form-control wpcf7-select\" id=\"typeOfMounting\" aria-invalid=\"false\"><option value=\"\">---<\/option><option value=\"monta\u017c od g\u00f3ry - klasyczny\">monta\u017c od g\u00f3ry - klasyczny<\/option><option value=\"monta\u017c z boku\">monta\u017c z boku<\/option><option value=\"kombinowany z g\u00f3ry i z boku\">kombinowany z g\u00f3ry i z boku<\/option><option value=\"inny spos\u00f3b - napisz jaki\">inny spos\u00f3b - napisz jaki<\/option><\/select><\/span><\/p>\n<\/div>\n<div class=\"col-md-4 mb-3\">\n<label for=\"floor\">Wyko\u0144czenie posadzki<\/label><\/p>\n<p><span class=\"wpcf7-form-control-wrap floor\"><select name=\"floor\" class=\"wpcf7-form-control wpcf7-select\" id=\"floor\" aria-invalid=\"false\"><option value=\"\">---<\/option><option value=\"beton\">beton<\/option><option value=\"p\u0142ytki gresowe\">p\u0142ytki gresowe<\/option><option value=\"p\u0142ytki terakota\">p\u0142ytki terakota<\/option><option value=\"p\u0142ytki betonowe\">p\u0142ytki betonowe<\/option><option value=\"parkiet lub panele\">parkiet lub panele<\/option><option value=\"granitowe\">granitowe<\/option><option value=\"lastryko\">lastryko<\/option><option value=\"papa\">papa<\/option><option value=\"kostka brukowa\">kostka brukowa<\/option><option value=\"deska konglomeratowa\">deska konglomeratowa<\/option><option value=\"taras\">taras<\/option><\/select><\/span><\/p>\n<\/div>\n<div class=\"col-md-4 mb-3\">\n<label for=\"mounting\">Monta\u017c balustrad<\/label><\/p>\n<p><span class=\"wpcf7-form-control-wrap mounting\"><select name=\"mounting\" class=\"wpcf7-form-control wpcf7-select\" id=\"mounting\" aria-invalid=\"false\"><option value=\"\">---<\/option><option value=\"nie - monta\u017c we w\u0142asnym zakresie\">nie - monta\u017c we w\u0142asnym zakresie<\/option><option value=\"tak - z monta\u017cem\">tak - z monta\u017cem<\/option><option value=\"tylko dostawa\">tylko dostawa<\/option><\/select><\/span><\/p>\n<\/div>\n<\/div>\n<h3>4. WZ\u00d3R BALUSTRADY<\/h3>\n<p>Wybierz wz\u00f3r balustrady z naszych realizacji wpisuj\u0105c nr zdj\u0119cia z naszych stron lub wy\u015blij zdj\u0119cie, link, szkic wybranego wzoru na naszego maila.<\/p>\n<div class=\"form-row\">\n<div class=\"col-md-6 mb-3\">\n<p><label for=\"imageNumber\">Podaj numer zdj\u0119cia z naszych realizacji<\/label><br \/>\n<span class=\"wpcf7-form-control-wrap imageNumber\"><input type=\"text\" name=\"imageNumber\" value=\"\" size=\"40\" class=\"wpcf7-form-control wpcf7-text\" id=\"imageNumber\" aria-invalid=\"false\" \/><\/span><\/p>\n<\/div>\n<div class=\"col-md-6 mb-3\">\n<p><label for=\"patternDescription\">Uwagi \u2013 opisy<\/label><br \/>\n<span class=\"wpcf7-form-control-wrap patternDescription\"><textarea name=\"patternDescription\" cols=\"40\" rows=\"10\" class=\"wpcf7-form-control wpcf7-textarea\" id=\"patternDescription\" aria-invalid=\"false\"><\/textarea><\/span><\/p>\n<\/div>\n<\/div>\n<h3>5. TWOJE WYTYCZNE WYKONANIA, JAKO\u015aCI I WARTO\u015aCI<\/h3>\n<p><span class=\"wpcf7-form-control-wrap quality\"><select name=\"quality\" class=\"wpcf7-form-control wpcf7-select\" id=\"quality\" aria-invalid=\"false\"><option value=\"\">---<\/option><option value=\"1. Nie zale\u017cy mi na dobrej jako\u015bci - prosz\u0119 najni\u017csz\u0105 cen\u0119 - za kilka lat mog\u0119 to wymieni\u0107\">1. Nie zale\u017cy mi na dobrej jako\u015bci - prosz\u0119 najni\u017csz\u0105 cen\u0119 - za kilka lat mog\u0119 to wymieni\u0107<\/option><option value=\"2. Dobrej jako\u015bci - trwa\u0142e rozwi\u0105zanie na lata - cena mo\u017ce by\u0107 wy\u017csza\">2. Dobrej jako\u015bci - trwa\u0142e rozwi\u0105zanie na lata - cena mo\u017ce by\u0107 wy\u017csza<\/option><option value=\"3. Chc\u0119 najwy\u017cszej jako\u015bci rozwi\u0105zanie - jestem \u015bwiadomy wy\u017cszej ceny.\">3. Chc\u0119 najwy\u017cszej jako\u015bci rozwi\u0105zanie - jestem \u015bwiadomy wy\u017cszej ceny.<\/option><\/select><\/span><\/p>\n<h3>6. PODAJ NAM SWOJE DANE W CELU PRZYGOTOWANIA I PRZES\u0141ANIA NASZEJ OFERTY<\/h3>\n<div class=\"form-row\">\n<div class=\"col-md-3 mb-3\">\n<label for=\"nameAndSurname\">Imi\u0119 i Nazwisko<\/label><br \/>\n<span class=\"wpcf7-form-control-wrap nameAndSurname\"><input type=\"text\" name=\"nameAndSurname\" value=\"\" size=\"40\" class=\"wpcf7-form-control wpcf7-text wpcf7-validates-as-required\" id=\"nameAndSurname\" aria-required=\"true\" aria-invalid=\"false\" \/><\/span>\n<\/div>\n<div class=\"col-md-3 mb-3\">\n<label for=\"email\">Adres e-mail<\/label><br \/>\n<span class=\"wpcf7-form-control-wrap email\"><input type=\"text\" name=\"email\" value=\"\" size=\"40\" class=\"wpcf7-form-control wpcf7-text wpcf7-validates-as-required\" id=\"email\" aria-required=\"true\" aria-invalid=\"false\" \/><\/span>\n<\/div>\n<div class=\"col-md-3 mb-3\">\n<label for=\"tel\">Telefon kontaktowy<\/label><br \/>\n<span class=\"wpcf7-form-control-wrap tel\"><input type=\"tel\" name=\"tel\" value=\"\" size=\"40\" class=\"wpcf7-form-control wpcf7-text wpcf7-tel wpcf7-validates-as-tel\" id=\"tel\" aria-invalid=\"false\" \/><\/span>\n<\/div>\n<div class=\"col-md-3 mb-3\">\n<label for=\"\">Miejscowo\u015b\u0107 monta\u017cu ogrodzenia<\/label><br \/>\n<span class=\"wpcf7-form-control-wrap city\"><input type=\"text\" name=\"city\" value=\"\" size=\"40\" class=\"wpcf7-form-control wpcf7-text wpcf7-validates-as-required\" id=\"city\" aria-required=\"true\" aria-invalid=\"false\" \/><\/span>\n<\/div>\n<\/div>\n<p><span class=\"wpcf7-form-control-wrap acceptance-650\"><span class=\"wpcf7-form-control wpcf7-acceptance\"><span class=\"wpcf7-list-item\"><label><input type=\"checkbox\" name=\"acceptance-650\" value=\"1\" aria-invalid=\"false\" \/><span class=\"wpcf7-list-item-label\">Wyra\u017cam zgod\u0119 na przetwarzanie moich danych osobowych zgodnie z ustaw\u0105 o ochronie danych osobowych w zwi\u0105zku z realizacj\u0105 zg\u0142oszenia. <a href=\"https:\/\/mediasoft.com.pl\/projekty\/spawstalsk\/kontakt\/polityka-prywatnosci\" target=\"_blank\">Przeczyta\u0142em \/am Regulamin<\/a><\/span><\/label><\/span><\/span><\/span><br \/>\n<input type=\"submit\" value=\"Wy\u015blij\" class=\"wpcf7-form-control has-spinner wpcf7-submit\" \/><\/p>\n<div class=\"wpcf7-response-output\" aria-hidden=\"true\"><\/div><\/form><\/div>\n","protected":false},"excerpt":{"rendered":"","protected":false},"author":1,"featured_media":0,"parent":1234,"menu_order":18,"comment_status":"closed","ping_status":"closed","template":"","meta":{"_genesis_hide_title":false,"_genesis_hide_breadcrumbs":false,"_genesis_hide_singular_image":false,"_genesis_hide_footer_widgets":false,"_genesis_custom_body_class":"","_genesis_custom_post_class":"","_genesis_layout":""},"yoast_head":"<!-- This site is optimized with the Yoast SEO plugin v18.0 - https:\/\/yoast.com\/wordpress\/plugins\/seo\/ -->\n<title>Wycena balustrad - Spaw Stal S.K.<\/title>\n<meta name=\"robots\" content=\"index, follow, max-snippet:-1, max-image-preview:large, max-video-preview:-1\" \/>\n<link rel=\"canonical\" href=\"https:\/\/mediasoft.com.pl\/projekty\/spawstalsk\/wycena\/wycena-balustrad\/\" \/>\n<meta property=\"og:locale\" content=\"pl_PL\" \/>\n<meta property=\"og:type\" content=\"article\" \/>\n<meta property=\"og:title\" content=\"Wycena balustrad - Spaw Stal S.K.\" \/>\n<meta property=\"og:url\" content=\"https:\/\/mediasoft.com.pl\/projekty\/spawstalsk\/wycena\/wycena-balustrad\/\" \/>\n<meta property=\"og:site_name\" content=\"Spaw Stal S.K.\" \/>\n<meta property=\"article:modified_time\" content=\"2019-02-05T09:16:13+00:00\" \/>\n<meta property=\"og:image\" content=\"https:\/\/mediasoft.com.pl\/projekty\/spawstalsk\/wp-content\/uploads\/2018\/08\/typA_1-1.png\" \/>\n<meta name=\"twitter:card\" content=\"summary_large_image\" \/>\n<script type=\"application\/ld+json\" class=\"yoast-schema-graph\">{\"@context\":\"https:\/\/schema.org\",\"@graph\":[{\"@type\":\"WebSite\",\"@id\":\"https:\/\/mediasoft.com.pl\/projekty\/spawstalsk\/#website\",\"url\":\"https:\/\/mediasoft.com.pl\/projekty\/spawstalsk\/\",\"name\":\"Spaw Stal S.K.\",\"description\":\"Nowoczesne Ogrodzenia\",\"potentialAction\":[{\"@type\":\"SearchAction\",\"target\":{\"@type\":\"EntryPoint\",\"urlTemplate\":\"https:\/\/mediasoft.com.pl\/projekty\/spawstalsk\/?s={search_term_string}\"},\"query-input\":\"required name=search_term_string\"}],\"inLanguage\":\"pl-PL\"},{\"@type\":\"ImageObject\",\"@id\":\"https:\/\/mediasoft.com.pl\/projekty\/spawstalsk\/wycena\/wycena-balustrad\/#primaryimage\",\"inLanguage\":\"pl-PL\",\"url\":\"https:\/\/mediasoft.com.pl\/projekty\/spawstalsk\/wp-content\/uploads\/2018\/08\/typA_1-1.png\",\"contentUrl\":\"https:\/\/mediasoft.com.pl\/projekty\/spawstalsk\/wp-content\/uploads\/2018\/08\/typA_1-1.png\",\"width\":368,\"height\":216},{\"@type\":\"WebPage\",\"@id\":\"https:\/\/mediasoft.com.pl\/projekty\/spawstalsk\/wycena\/wycena-balustrad\/#webpage\",\"url\":\"https:\/\/mediasoft.com.pl\/projekty\/spawstalsk\/wycena\/wycena-balustrad\/\",\"name\":\"Wycena balustrad - Spaw Stal S.K.\",\"isPartOf\":{\"@id\":\"https:\/\/mediasoft.com.pl\/projekty\/spawstalsk\/#website\"},\"primaryImageOfPage\":{\"@id\":\"https:\/\/mediasoft.com.pl\/projekty\/spawstalsk\/wycena\/wycena-balustrad\/#primaryimage\"},\"datePublished\":\"2018-07-30T12:17:12+00:00\",\"dateModified\":\"2019-02-05T09:16:13+00:00\",\"breadcrumb\":{\"@id\":\"https:\/\/mediasoft.com.pl\/projekty\/spawstalsk\/wycena\/wycena-balustrad\/#breadcrumb\"},\"inLanguage\":\"pl-PL\",\"potentialAction\":[{\"@type\":\"ReadAction\",\"target\":[\"https:\/\/mediasoft.com.pl\/projekty\/spawstalsk\/wycena\/wycena-balustrad\/\"]}]},{\"@type\":\"BreadcrumbList\",\"@id\":\"https:\/\/mediasoft.com.pl\/projekty\/spawstalsk\/wycena\/wycena-balustrad\/#breadcrumb\",\"itemListElement\":[{\"@type\":\"ListItem\",\"position\":1,\"name\":\"Strona g\u0142\u00f3wna\",\"item\":\"https:\/\/mediasoft.com.pl\/projekty\/spawstalsk\/\"},{\"@type\":\"ListItem\",\"position\":2,\"name\":\"Wycena\",\"item\":\"https:\/\/mediasoft.com.pl\/projekty\/spawstalsk\/wycena\/\"},{\"@type\":\"ListItem\",\"position\":3,\"name\":\"Wycena balustrad\"}]}]}<\/script>\n<!-- \/ Yoast SEO plugin. -->","yoast_head_json":{"title":"Wycena balustrad - Spaw Stal S.K.","robots":{"index":"index","follow":"follow","max-snippet":"max-snippet:-1","max-image-preview":"max-image-preview:large","max-video-preview":"max-video-preview:-1"},"canonical":"https:\/\/mediasoft.com.pl\/projekty\/spawstalsk\/wycena\/wycena-balustrad\/","og_locale":"pl_PL","og_type":"article","og_title":"Wycena balustrad - Spaw Stal S.K.","og_url":"https:\/\/mediasoft.com.pl\/projekty\/spawstalsk\/wycena\/wycena-balustrad\/","og_site_name":"Spaw Stal S.K.","article_modified_time":"2019-02-05T09:16:13+00:00","og_image":[{"url":"https:\/\/mediasoft.com.pl\/projekty\/spawstalsk\/wp-content\/uploads\/2018\/08\/typA_1-1.png"}],"twitter_card":"summary_large_image","schema":{"@context":"https:\/\/schema.org","@graph":[{"@type":"WebSite","@id":"https:\/\/mediasoft.com.pl\/projekty\/spawstalsk\/#website","url":"https:\/\/mediasoft.com.pl\/projekty\/spawstalsk\/","name":"Spaw Stal S.K.","description":"Nowoczesne Ogrodzenia","potentialAction":[{"@type":"SearchAction","target":{"@type":"EntryPoint","urlTemplate":"https:\/\/mediasoft.com.pl\/projekty\/spawstalsk\/?s={search_term_string}"},"query-input":"required name=search_term_string"}],"inLanguage":"pl-PL"},{"@type":"ImageObject","@id":"https:\/\/mediasoft.com.pl\/projekty\/spawstalsk\/wycena\/wycena-balustrad\/#primaryimage","inLanguage":"pl-PL","url":"https:\/\/mediasoft.com.pl\/projekty\/spawstalsk\/wp-content\/uploads\/2018\/08\/typA_1-1.png","contentUrl":"https:\/\/mediasoft.com.pl\/projekty\/spawstalsk\/wp-content\/uploads\/2018\/08\/typA_1-1.png","width":368,"height":216},{"@type":"WebPage","@id":"https:\/\/mediasoft.com.pl\/projekty\/spawstalsk\/wycena\/wycena-balustrad\/#webpage","url":"https:\/\/mediasoft.com.pl\/projekty\/spawstalsk\/wycena\/wycena-balustrad\/","name":"Wycena balustrad - Spaw Stal S.K.","isPartOf":{"@id":"https:\/\/mediasoft.com.pl\/projekty\/spawstalsk\/#website"},"primaryImageOfPage":{"@id":"https:\/\/mediasoft.com.pl\/projekty\/spawstalsk\/wycena\/wycena-balustrad\/#primaryimage"},"datePublished":"2018-07-30T12:17:12+00:00","dateModified":"2019-02-05T09:16:13+00:00","breadcrumb":{"@id":"https:\/\/mediasoft.com.pl\/projekty\/spawstalsk\/wycena\/wycena-balustrad\/#breadcrumb"},"inLanguage":"pl-PL","potentialAction":[{"@type":"ReadAction","target":["https:\/\/mediasoft.com.pl\/projekty\/spawstalsk\/wycena\/wycena-balustrad\/"]}]},{"@type":"BreadcrumbList","@id":"https:\/\/mediasoft.com.pl\/projekty\/spawstalsk\/wycena\/wycena-balustrad\/#breadcrumb","itemListElement":[{"@type":"ListItem","position":1,"name":"Strona g\u0142\u00f3wna","item":"https:\/\/mediasoft.com.pl\/projekty\/spawstalsk\/"},{"@type":"ListItem","position":2,"name":"Wycena","item":"https:\/\/mediasoft.com.pl\/projekty\/spawstalsk\/wycena\/"},{"@type":"ListItem","position":3,"name":"Wycena balustrad"}]}]}},"_links":{"self":[{"href":"https:\/\/mediasoft.com.pl\/projekty\/spawstalsk\/wp-json\/wp\/v2\/pages\/760"}],"collection":[{"href":"https:\/\/mediasoft.com.pl\/projekty\/spawstalsk\/wp-json\/wp\/v2\/pages"}],"about":[{"href":"https:\/\/mediasoft.com.pl\/projekty\/spawstalsk\/wp-json\/wp\/v2\/types\/page"}],"author":[{"embeddable":true,"href":"https:\/\/mediasoft.com.pl\/projekty\/spawstalsk\/wp-json\/wp\/v2\/users\/1"}],"replies":[{"embeddable":true,"href":"https:\/\/mediasoft.com.pl\/projekty\/spawstalsk\/wp-json\/wp\/v2\/comments?post=760"}],"version-history":[{"count":106,"href":"https:\/\/mediasoft.com.pl\/projekty\/spawstalsk\/wp-json\/wp\/v2\/pages\/760\/revisions"}],"predecessor-version":[{"id":1497,"href":"https:\/\/mediasoft.com.pl\/projekty\/spawstalsk\/wp-json\/wp\/v2\/pages\/760\/revisions\/1497"}],"up":[{"embeddable":true,"href":"https:\/\/mediasoft.com.pl\/projekty\/spawstalsk\/wp-json\/wp\/v2\/pages\/1234"}],"wp:attachment":[{"href":"https:\/\/mediasoft.com.pl\/projekty\/spawstalsk\/wp-json\/wp\/v2\/media?parent=760"}],"curies":[{"name":"wp","href":"https:\/\/api.w.org\/{rel}","templated":true}]}}