{"id":740,"date":"2018-07-31T11:20:36","date_gmt":"2018-07-31T11:20:36","guid":{"rendered":"https:\/\/mediasoft.com.pl\/projekty\/spawstalsk\/?page_id=740"},"modified":"2019-02-05T09:12:24","modified_gmt":"2019-02-05T09:12:24","slug":"wycena-ogrodzen","status":"publish","type":"page","link":"https:\/\/mediasoft.com.pl\/projekty\/spawstalsk\/wycena\/wycena-ogrodzen\/","title":{"rendered":"Wycena ogrodze\u0144"},"content":{"rendered":"<div role=\"form\" class=\"wpcf7\" id=\"wpcf7-f1473-o1\" lang=\"pl-PL\" dir=\"ltr\">\n<div class=\"screen-reader-response\"><p role=\"status\" aria-live=\"polite\" aria-atomic=\"true\"><\/p> <ul><\/ul><\/div>\n<form action=\"\/projekty\/spawstalsk\/wp-json\/wp\/v2\/pages\/740#wpcf7-f1473-o1\" method=\"post\" class=\"wpcf7-form init\" novalidate=\"novalidate\" data-status=\"init\">\n<div style=\"display: none;\">\n<input type=\"hidden\" name=\"_wpcf7\" value=\"1473\" \/>\n<input type=\"hidden\" name=\"_wpcf7_version\" value=\"5.5.4\" \/>\n<input type=\"hidden\" name=\"_wpcf7_locale\" value=\"pl_PL\" \/>\n<input type=\"hidden\" name=\"_wpcf7_unit_tag\" value=\"wpcf7-f1473-o1\" \/>\n<input type=\"hidden\" name=\"_wpcf7_container_post\" value=\"0\" \/>\n<input type=\"hidden\" name=\"_wpcf7_posted_data_hash\" value=\"\" \/>\n<input type=\"hidden\" name=\"_wpcf7_recaptcha_response\" value=\"\" \/>\n<\/div>\n<h3>1. BRAMA WJAZDOWA<\/h3>\n<p>Wybierz rodzaj otwierania bramy wed\u0142ug twoich potrzeb. Dla bramy przesuwnej jest potrzebne miejsce do otwierania (szeroko\u015b\u0107 wjazdu x1,3).<\/p>\n<div class=\"form-row\">\n<p><span class=\"wpcf7-form-control-wrap gateway\"><span class=\"wpcf7-form-control wpcf7-radio\"><span class=\"wpcf7-list-item first\"><label><input type=\"radio\" name=\"gateway\" value=\"brama przesuwna\" checked=\"checked\" \/><span class=\"wpcf7-list-item-label\">brama przesuwna<\/span><\/label><\/span><span class=\"wpcf7-list-item\"><label><input type=\"radio\" name=\"gateway\" value=\"brama uchylna dwuskrzyd\u0142owa\" \/><span class=\"wpcf7-list-item-label\">brama uchylna dwuskrzyd\u0142owa<\/span><\/label><\/span><span class=\"wpcf7-list-item\"><label><input type=\"radio\" name=\"gateway\" value=\"brama uchylna jednoskrzyd\u0142owa\" \/><span class=\"wpcf7-list-item-label\">brama uchylna jednoskrzyd\u0142owa<\/span><\/label><\/span><span class=\"wpcf7-list-item\"><label><input type=\"radio\" name=\"gateway\" value=\"brama uchylna harmonijkowa\" \/><span class=\"wpcf7-list-item-label\">brama uchylna harmonijkowa<\/span><\/label><\/span><span class=\"wpcf7-list-item last\"><label><input type=\"radio\" name=\"gateway\" value=\"brak\" \/><span class=\"wpcf7-list-item-label\">brak<\/span><\/label><\/span><\/span><\/span> <\/p>\n<\/div>\n<div class=\"form-row\">\n<div class=\"col-md-4 mb-3\">\n<label for=\"widthGateway\">Szeroko\u015b\u0107 bramy w cm<\/label><\/p>\n<p><span class=\"wpcf7-form-control-wrap widthGateway\"><input type=\"number\" name=\"widthGateway\" value=\"\" class=\"wpcf7-form-control wpcf7-number wpcf7-validates-as-number\" id=\"widthGateway\" aria-invalid=\"false\" \/><\/span><\/p>\n<\/div>\n<div class=\"col-md-4 mb-3\">\n<label for=\"heightGateway\">Wysoko\u015b\u0107 bramy w cm. obok s\u0142upka<\/label><\/p>\n<p><span class=\"wpcf7-form-control-wrap heightGateway\"><input type=\"number\" name=\"heightGateway\" value=\"\" class=\"wpcf7-form-control wpcf7-number wpcf7-validates-as-number\" id=\"heightGateway\" aria-invalid=\"false\" \/><\/span><\/p>\n<\/div>\n<div class=\"col-md-4 mb-3\">\n<label for=\"numberOfGateways\">Ilo\u015b\u0107 bram<\/label><\/p>\n<p><span class=\"wpcf7-form-control-wrap numberOfGateways\"><input type=\"number\" name=\"numberOfGateways\" value=\"\" class=\"wpcf7-form-control wpcf7-number wpcf7-validates-as-number\" id=\"numberOfGateways\" aria-invalid=\"false\" \/><\/span><\/p>\n<\/div>\n<\/div>\n<h3>2. AUTOMATYKA DO BRAMY<\/h3>\n<div class=\"form-row\">\n<div class=\"col-md-3 mb-3\">\n<label for=\"kindOfAutomaticGateway\">Cz\u0119stotliwo\u015b\u0107 otwierania?<\/label><\/p>\n<p><span class=\"wpcf7-form-control-wrap kindOfAutomaticGateway\"><select name=\"kindOfAutomaticGateway\" class=\"wpcf7-form-control wpcf7-select\" id=\"kindOfAutomaticGateway\" aria-invalid=\"false\"><option value=\"\">---<\/option><option value=\"tak - u\u017cytkowanie normalne do 30 razy dziennie\">tak - u\u017cytkowanie normalne do 30 razy dziennie<\/option><option value=\"tak - u\u017cytkowanie intensywne wi\u0119cej ni\u017c 30 razy dziennie\">tak - u\u017cytkowanie intensywne wi\u0119cej ni\u017c 30 razy dziennie<\/option><option value=\"nie - otwierana r\u0119cznie\">nie - otwierana r\u0119cznie<\/option><\/select><\/span><\/p>\n<\/div>\n<div class=\"col-md-3 mb-3\">\n<label for=\"accessoryOfAutomatic\">Wyposa\u017cenie automatyki<\/label><\/p>\n<p><span class=\"wpcf7-form-control-wrap accessoryOfAutomatic\"><select name=\"accessoryOfAutomatic\" class=\"wpcf7-form-control wpcf7-select\" id=\"accessoryOfAutomatic\" aria-invalid=\"false\"><option value=\"\">---<\/option><option value=\"dwa piloty\">dwa piloty<\/option><option value=\"dwa piloty, fotokom\u00f3rki\">dwa piloty, fotokom\u00f3rki<\/option><option value=\"dwa piloty, fotokom\u00f3rki, lampa ostrzegawcza\">dwa piloty, fotokom\u00f3rki, lampa ostrzegawcza<\/option><option value=\"dwa piloty, fotokom\u00f3rki, lampa ostrzegawcza, akumulator\">dwa piloty, fotokom\u00f3rki, lampa ostrzegawcza, akumulator<\/option><\/select><\/span><\/p>\n<\/div>\n<div class=\"col-md-3 mb-3\">\n<label for=\"controler\">U\u017cywam ju\u017c pilot\u00f3w<\/label><\/p>\n<p><span class=\"wpcf7-form-control-wrap controler\"><select name=\"controler\" class=\"wpcf7-form-control wpcf7-select\" aria-invalid=\"false\"><option value=\"\">---<\/option><option value=\"Nice\">Nice<\/option><option value=\"Somfy\">Somfy<\/option><option value=\"Faac\">Faac<\/option><option value=\"Tousek\">Tousek<\/option><option value=\"Came\">Came<\/option><option value=\"Wi\u015bniowski\">Wi\u015bniowski<\/option><option value=\"Normstahl\">Normstahl<\/option><option value=\"Beninca\">Beninca<\/option><option value=\"Fadini\">Fadini<\/option><option value=\"Cassali\">Cassali<\/option><option value=\"Bft\">Bft<\/option><option value=\"Dtm\">Dtm<\/option><option value=\"Elmes\">Elmes<\/option><option value=\"Liftmaster\">Liftmaster<\/option><option value=\"Chamberline\">Chamberline<\/option><option value=\"Mhaus\">Mhaus<\/option><option value=\"sommer\">sommer<\/option><option value=\"horman\">horman<\/option><option value=\"Aprimatic\">Aprimatic<\/option><\/select><\/span><\/p>\n<\/div>\n<div class=\"col-md-3 mb-3\">\n<label for=\"controlerMore\">Wi\u0119cej pilot\u00f3w<\/label><\/p>\n<p><span class=\"wpcf7-form-control-wrap controlerMore\"><input type=\"text\" name=\"controlerMore\" value=\"\" size=\"40\" class=\"wpcf7-form-control wpcf7-text\" id=\"controlerMore\" aria-invalid=\"false\" \/><\/span><\/p>\n<\/div>\n<\/div>\n<h3>3. FURTKA G\u0141\u00d3WNA<\/h3>\n<p>FURTKA g\u0142\u00f3wna - wraz z elektrozaczepem wsp\u00f3\u0142pracuj\u0105cym z domofonem. Wyposa\u017cona w zamek, wk\u0142adk\u0119 patentow\u0105 z 3 kluczami i ga\u0142ki nieobrotowe.<\/p>\n<div class=\"form-row\">\n<p><span class=\"wpcf7-form-control-wrap gate\"><span class=\"wpcf7-form-control wpcf7-radio\"><span class=\"wpcf7-list-item first\"><input type=\"radio\" name=\"gate\" value=\"tak\" checked=\"checked\" \/><span class=\"wpcf7-list-item-label\">tak<\/span><\/span><span class=\"wpcf7-list-item last\"><input type=\"radio\" name=\"gate\" value=\"nie\" \/><span class=\"wpcf7-list-item-label\">nie<\/span><\/span><\/span><\/span><\/p>\n<\/div>\n<div class=\"form-row\">\n<div class=\"col-md-4 mb-3\">\n<label for=\"widthGate\">Szeroko\u015b\u0107 furtki w cm<\/label><\/p>\n<p><span class=\"wpcf7-form-control-wrap widthGate\"><input type=\"number\" name=\"widthGate\" value=\"\" class=\"wpcf7-form-control wpcf7-number wpcf7-validates-as-number\" id=\"widthGate\" aria-invalid=\"false\" \/><\/span><\/p>\n<\/div>\n<div class=\"col-md-4 mb-3\">\n<label for=\"heightGate\">Wysoko\u015b\u0107 furtki w cm. w najni\u017cszym punkcie<\/label><\/p>\n<p><span class=\"wpcf7-form-control-wrap heightGate\"><input type=\"number\" name=\"heightGate\" value=\"\" class=\"wpcf7-form-control wpcf7-number wpcf7-validates-as-number\" id=\"heightGate\" aria-invalid=\"false\" \/><\/span><\/p>\n<\/div>\n<div class=\"col-md-4 mb-3\">\n<label for=\"numberOfGates\">Ilo\u015b\u0107 furtek<\/label><\/p>\n<p><span class=\"wpcf7-form-control-wrap numberOfGates\"><input type=\"number\" name=\"numberOfGates\" value=\"\" class=\"wpcf7-form-control wpcf7-number wpcf7-validates-as-number\" id=\"numberOfGates\" aria-invalid=\"false\" \/><\/span><\/p>\n<\/div>\n<\/div>\n<h3>5. S\u0141UPKI<\/h3>\n<div class=\"form-row\">\n<div class=\"col-md-6 mb-3\">\n<p><label for=\"poles\">Wybierz opcj\u0119<\/label><br \/>\n<span class=\"wpcf7-form-control-wrap poles\"><select name=\"poles\" class=\"wpcf7-form-control wpcf7-select\" id=\"poles\" aria-invalid=\"false\"><option value=\"\">---<\/option><option value=\"tak \u2013 poprosz\u0119 o s\u0142upki metalowe klasyczne \u2013 o przekroju 10x10cm\">tak \u2013 poprosz\u0119 o s\u0142upki metalowe klasyczne \u2013 o przekroju 10x10cm<\/option><option value=\"tak \u2013 poprosz\u0119 o s\u0142upki metalowe ekonomiczne \u2013 o przekroju 8x8cm\">tak \u2013 poprosz\u0119 o s\u0142upki metalowe ekonomiczne \u2013 o przekroju 8x8cm<\/option><option value=\"tak \u2013 poprosz\u0119 s\u0142upki typu NEW DESIGN \u2013 bramkowe o przekroju 20x20cm\">tak \u2013 poprosz\u0119 s\u0142upki typu NEW DESIGN \u2013 bramkowe o przekroju 20x20cm<\/option><option value=\"tak \u2013 poprosz\u0119 s\u0142upki murowane z betonu \u0142upanego typu \u201ejoniec\u201d\">tak \u2013 poprosz\u0119 s\u0142upki murowane z betonu \u0142upanego typu \u201ejoniec\u201d<\/option><option value=\"tak \u2013 poprosz\u0119 s\u0142upki murowane klinkierowe\">tak \u2013 poprosz\u0119 s\u0142upki murowane klinkierowe<\/option><option value=\"nie \u2013 ju\u017c mam s\u0142upki metalowe\">nie \u2013 ju\u017c mam s\u0142upki metalowe<\/option><option value=\"nie \u2013 ju\u017c mam lub planuj\u0119 s\u0142upki murowane klinkierowe\">nie \u2013 ju\u017c mam lub planuj\u0119 s\u0142upki murowane klinkierowe<\/option><option value=\"nie \u2013 ju\u017c mam lub planuj\u0119 s\u0142upki murowane z betonu \u0142upanego\">nie \u2013 ju\u017c mam lub planuj\u0119 s\u0142upki murowane z betonu \u0142upanego<\/option><option value=\"inna opcja \u2013 opisz to w polu obok \u2013 \u201eUWAGI s\u0142upki\u201d.\">inna opcja \u2013 opisz to w polu obok \u2013 \u201eUWAGI s\u0142upki\u201d.<\/option><\/select><\/span><\/p>\n<\/div>\n<div class=\"col-md-6 mb-3\">\n<p><label for=\"remarksOfPoles\">Uwagi<\/label><br \/>\n<span class=\"wpcf7-form-control-wrap remarksOfPoles\"><textarea name=\"remarksOfPoles\" cols=\"40\" rows=\"10\" class=\"wpcf7-form-control wpcf7-textarea\" id=\"remarksOfPoles\" aria-invalid=\"false\"><\/textarea><\/span><\/p>\n<\/div>\n<\/div>\n<h3>6. MONTA\u017b OGRODZENIA<\/h3>\n<div class=\"form-row\">\n<div class=\"col-md-6 mb-3\">\n<p><label for=\"mountingService\">Us\u0142uga monta\u017cu?<\/label><br \/>\n<span class=\"wpcf7-form-control-wrap mountingService\"><select name=\"mountingService\" class=\"wpcf7-form-control wpcf7-select\" id=\"mountingService\" aria-invalid=\"false\"><option value=\"\">---<\/option><option value=\"nie \u2013 bez us\u0142ugi monta\u017cu\">nie \u2013 bez us\u0142ugi monta\u017cu<\/option><option value=\"tak \u2013 mota\u017c \u201ena sucho\u201d bez wykonania fundament\u00f3w \u2013 s\u0142upki ju\u017c istniej\u0105\">tak \u2013 mota\u017c \u201ena sucho\u201d bez wykonania fundament\u00f3w \u2013 s\u0142upki ju\u017c istniej\u0105<\/option><option value=\"tak \u2013 monta\u017c \u201ena mokro\u201d \u2013 z wykonaniem fundament\u00f3w\">tak \u2013 monta\u017c \u201ena mokro\u201d \u2013 z wykonaniem fundament\u00f3w<\/option><\/select><\/span><\/p>\n<\/div>\n<div class=\"col-md-6 mb-3\">\n<p><label for=\"DisposalSoil\">Wyw\u00f3z ziemi z wykopu<\/label><br \/>\n<span class=\"wpcf7-form-control-wrap DisposalSoil\"><select name=\"DisposalSoil\" class=\"wpcf7-form-control wpcf7-select\" id=\"DisposalSoil\" aria-invalid=\"false\"><option value=\"\">---<\/option><option value=\"tak - urobek z wykopu trzeba wywie\u017a\u0107\">tak - urobek z wykopu trzeba wywie\u017a\u0107<\/option><option value=\"nie - urobek posprz\u0105tam we w\u0142asnym zakresie\">nie - urobek posprz\u0105tam we w\u0142asnym zakresie<\/option><\/select><\/span><\/p>\n<\/div>\n<\/div>\n<div class=\"form-row\">\n<div class=\"col-md-6 mb-3\">\n<p><label for=\"conditions\">Warunki na miejscu<\/label><br \/>\n<span class=\"wpcf7-form-control-wrap conditions\"><select name=\"conditions\" class=\"wpcf7-form-control wpcf7-select\" id=\"conditions\" aria-invalid=\"false\"><option value=\"\">---<\/option><option value=\"nowy teren - nie ma pozosta\u0142o\u015bci budowlanych w gruncie\">nowy teren - nie ma pozosta\u0142o\u015bci budowlanych w gruncie<\/option><option value=\"w miejscu planowanego ogrodzenia stoi stare ogrodzenie\">w miejscu planowanego ogrodzenia stoi stare ogrodzenie<\/option><option value=\"w miejscu planowanego ogrodzenia istnia\u0142o kiedy\u015b ogrodzenie\">w miejscu planowanego ogrodzenia istnia\u0142o kiedy\u015b ogrodzenie<\/option><option value=\"w miejscu planowanego ogrodzenia biegnie droga, asfalt lub istnieje podobne utwardzenie\">w miejscu planowanego ogrodzenia biegnie droga, asfalt lub istnieje podobne utwardzenie<\/option><option value=\"inne utrudnienia - prosz\u0119 opisa\u0107 obok w polu &#039;UWAGI-miejsce&#039;\">inne utrudnienia - prosz\u0119 opisa\u0107 obok w polu &#039;UWAGI-miejsce&#039;<\/option><\/select><\/span><\/p>\n<\/div>\n<div class=\"col-md-6 mb-3\">\n<p><label for=\"remarksOfPlace\">UWAGI \u2013 miejsce<\/label><br \/>\n<span class=\"wpcf7-form-control-wrap remarksOfPlace\"><textarea name=\"remarksOfPlace\" cols=\"40\" rows=\"10\" class=\"wpcf7-form-control wpcf7-textarea\" id=\"remarksOfPlace\" aria-invalid=\"false\"><\/textarea><\/span><\/p>\n<\/div>\n<\/div>\n<h3>7. WZ\u00d3R OGRODZENIA<\/h3>\n<p>Wybierz wz\u00f3r ogrodzenia z naszych realizacji wpisuj\u0105c nr zdj\u0119cia z naszych stron lub wy\u015blij zdj\u0119cie, link, szkic wybranego wzoru na naszego emaila.<\/p>\n<div class=\"form-row\">\n<div class=\"col-md-6 mb-3\">\n<p><label for=\"imageNumber\">Podaj numer zdj\u0119cia z naszych realizacji<\/label><br \/>\n<span class=\"wpcf7-form-control-wrap imageNumber\"><input type=\"text\" name=\"imageNumber\" value=\"\" size=\"40\" class=\"wpcf7-form-control wpcf7-text\" id=\"imageNumber\" aria-invalid=\"false\" \/><\/span><\/p>\n<\/div>\n<div class=\"col-md-6 mb-3\">\n<p><label for=\"patternDescription\">Uwagi \u2013 opisy<\/label><br \/>\n<span class=\"wpcf7-form-control-wrap patternDescription\"><textarea name=\"patternDescription\" cols=\"40\" rows=\"10\" class=\"wpcf7-form-control wpcf7-textarea\" id=\"patternDescription\" aria-invalid=\"false\"><\/textarea><\/span><\/p>\n<\/div>\n<\/div>\n<h3>8. TWOJE WYTYCZNE WYKONANIA, JAKO\u015aCI I WARTO\u015aCI<\/h3>\n<p><span class=\"wpcf7-form-control-wrap quality\"><select name=\"quality\" class=\"wpcf7-form-control wpcf7-select\" id=\"quality\" aria-invalid=\"false\"><option value=\"\">---<\/option><option value=\"1. Nie zale\u017cy mi na dobrej jako\u015bci - prosz\u0119 najni\u017csz\u0105 cen\u0119 - za kilka lat mog\u0119 to wymieni\u0107\">1. Nie zale\u017cy mi na dobrej jako\u015bci - prosz\u0119 najni\u017csz\u0105 cen\u0119 - za kilka lat mog\u0119 to wymieni\u0107<\/option><option value=\"2. Dobrej jako\u015bci - trwa\u0142e rozwi\u0105zanie na lata - cena mo\u017ce by\u0107 wy\u017csza\">2. Dobrej jako\u015bci - trwa\u0142e rozwi\u0105zanie na lata - cena mo\u017ce by\u0107 wy\u017csza<\/option><option value=\"3. Chc\u0119 najwy\u017cszej jako\u015bci rozwi\u0105zanie - jestem \u015bwiadomy wy\u017cszej ceny.\">3. Chc\u0119 najwy\u017cszej jako\u015bci rozwi\u0105zanie - jestem \u015bwiadomy wy\u017cszej ceny.<\/option><\/select><\/span><\/p>\n<h3>9. PODAJ NAM SWOJE DANE W CELU PRZYGOTOWANIA I PRZES\u0141ANIA NASZEJ OFERTY<\/h3>\n<div class=\"form-row\">\n<div class=\"col-md-3 mb-3\">\n<label for=\"nameAndSurname\">Imi\u0119 i Nazwisko<\/label><br \/>\n<span class=\"wpcf7-form-control-wrap nameAndSurname\"><input type=\"text\" name=\"nameAndSurname\" value=\"\" size=\"40\" class=\"wpcf7-form-control wpcf7-text wpcf7-validates-as-required\" id=\"nameAndSurname\" aria-required=\"true\" aria-invalid=\"false\" \/><\/span>\n<\/div>\n<div class=\"col-md-3 mb-3\">\n<label for=\"email\">Adres e-mail<\/label><br \/>\n<span class=\"wpcf7-form-control-wrap email\"><input type=\"text\" name=\"email\" value=\"\" size=\"40\" class=\"wpcf7-form-control wpcf7-text wpcf7-validates-as-required\" id=\"email\" aria-required=\"true\" aria-invalid=\"false\" \/><\/span>\n<\/div>\n<div class=\"col-md-3 mb-3\">\n<label for=\"tel\">Telefon kontaktowy<\/label><br \/>\n<span class=\"wpcf7-form-control-wrap tel\"><input type=\"tel\" name=\"tel\" value=\"\" size=\"40\" class=\"wpcf7-form-control wpcf7-text wpcf7-tel wpcf7-validates-as-tel\" id=\"tel\" aria-invalid=\"false\" \/><\/span>\n<\/div>\n<div class=\"col-md-3 mb-3\">\n<label for=\"\">Miejscowo\u015b\u0107 monta\u017cu ogrodzenia<\/label><br \/>\n<span class=\"wpcf7-form-control-wrap city\"><input type=\"text\" name=\"city\" value=\"\" size=\"40\" class=\"wpcf7-form-control wpcf7-text wpcf7-validates-as-required\" id=\"city\" aria-required=\"true\" aria-invalid=\"false\" \/><\/span>\n<\/div>\n<\/div>\n<p><span class=\"wpcf7-form-control-wrap acceptance-650\"><span class=\"wpcf7-form-control wpcf7-acceptance\"><span class=\"wpcf7-list-item\"><label><input type=\"checkbox\" name=\"acceptance-650\" value=\"1\" aria-invalid=\"false\" \/><span class=\"wpcf7-list-item-label\">Wyra\u017cam zgod\u0119 na przetwarzanie moich danych osobowych zgodnie z ustaw\u0105 o ochronie danych osobowych w zwi\u0105zku z realizacj\u0105 zg\u0142oszenia. <a href=\"https:\/\/mediasoft.com.pl\/projekty\/spawstalsk\/kontakt\/polityka-prywatnosci\" target=\"_blank\">Przeczyta\u0142em \/am Regulamin<\/a><\/span><\/label><\/span><\/span><\/span><br \/>\n<input type=\"submit\" value=\"Wy\u015blij\" class=\"wpcf7-form-control has-spinner wpcf7-submit\" \/><\/p>\n<div class=\"wpcf7-response-output\" aria-hidden=\"true\"><\/div><\/form><\/div>\n","protected":false},"excerpt":{"rendered":"","protected":false},"author":1,"featured_media":0,"parent":1234,"menu_order":17,"comment_status":"closed","ping_status":"closed","template":"","meta":{"_genesis_hide_title":false,"_genesis_hide_breadcrumbs":false,"_genesis_hide_singular_image":false,"_genesis_hide_footer_widgets":false,"_genesis_custom_body_class":"","_genesis_custom_post_class":"","_genesis_layout":""},"yoast_head":"<!-- This site is optimized with the Yoast SEO plugin v18.0 - https:\/\/yoast.com\/wordpress\/plugins\/seo\/ -->\n<title>Wycena ogrodze\u0144 - Spaw Stal S.K.<\/title>\n<meta name=\"robots\" content=\"index, follow, max-snippet:-1, max-image-preview:large, max-video-preview:-1\" \/>\n<link rel=\"canonical\" href=\"https:\/\/mediasoft.com.pl\/projekty\/spawstalsk\/wycena\/wycena-ogrodzen\/\" \/>\n<meta property=\"og:locale\" content=\"pl_PL\" \/>\n<meta property=\"og:type\" content=\"article\" \/>\n<meta property=\"og:title\" content=\"Wycena ogrodze\u0144 - Spaw Stal S.K.\" \/>\n<meta property=\"og:url\" content=\"https:\/\/mediasoft.com.pl\/projekty\/spawstalsk\/wycena\/wycena-ogrodzen\/\" \/>\n<meta property=\"og:site_name\" content=\"Spaw Stal S.K.\" \/>\n<meta property=\"article:modified_time\" content=\"2019-02-05T09:12:24+00:00\" \/>\n<meta name=\"twitter:card\" content=\"summary_large_image\" \/>\n<script type=\"application\/ld+json\" class=\"yoast-schema-graph\">{\"@context\":\"https:\/\/schema.org\",\"@graph\":[{\"@type\":\"WebSite\",\"@id\":\"https:\/\/mediasoft.com.pl\/projekty\/spawstalsk\/#website\",\"url\":\"https:\/\/mediasoft.com.pl\/projekty\/spawstalsk\/\",\"name\":\"Spaw Stal S.K.\",\"description\":\"Nowoczesne Ogrodzenia\",\"potentialAction\":[{\"@type\":\"SearchAction\",\"target\":{\"@type\":\"EntryPoint\",\"urlTemplate\":\"https:\/\/mediasoft.com.pl\/projekty\/spawstalsk\/?s={search_term_string}\"},\"query-input\":\"required name=search_term_string\"}],\"inLanguage\":\"pl-PL\"},{\"@type\":\"WebPage\",\"@id\":\"https:\/\/mediasoft.com.pl\/projekty\/spawstalsk\/wycena\/wycena-ogrodzen\/#webpage\",\"url\":\"https:\/\/mediasoft.com.pl\/projekty\/spawstalsk\/wycena\/wycena-ogrodzen\/\",\"name\":\"Wycena ogrodze\u0144 - Spaw Stal S.K.\",\"isPartOf\":{\"@id\":\"https:\/\/mediasoft.com.pl\/projekty\/spawstalsk\/#website\"},\"datePublished\":\"2018-07-31T11:20:36+00:00\",\"dateModified\":\"2019-02-05T09:12:24+00:00\",\"breadcrumb\":{\"@id\":\"https:\/\/mediasoft.com.pl\/projekty\/spawstalsk\/wycena\/wycena-ogrodzen\/#breadcrumb\"},\"inLanguage\":\"pl-PL\",\"potentialAction\":[{\"@type\":\"ReadAction\",\"target\":[\"https:\/\/mediasoft.com.pl\/projekty\/spawstalsk\/wycena\/wycena-ogrodzen\/\"]}]},{\"@type\":\"BreadcrumbList\",\"@id\":\"https:\/\/mediasoft.com.pl\/projekty\/spawstalsk\/wycena\/wycena-ogrodzen\/#breadcrumb\",\"itemListElement\":[{\"@type\":\"ListItem\",\"position\":1,\"name\":\"Strona g\u0142\u00f3wna\",\"item\":\"https:\/\/mediasoft.com.pl\/projekty\/spawstalsk\/\"},{\"@type\":\"ListItem\",\"position\":2,\"name\":\"Wycena\",\"item\":\"https:\/\/mediasoft.com.pl\/projekty\/spawstalsk\/wycena\/\"},{\"@type\":\"ListItem\",\"position\":3,\"name\":\"Wycena ogrodze\u0144\"}]}]}<\/script>\n<!-- \/ Yoast SEO plugin. -->","yoast_head_json":{"title":"Wycena ogrodze\u0144 - Spaw Stal S.K.","robots":{"index":"index","follow":"follow","max-snippet":"max-snippet:-1","max-image-preview":"max-image-preview:large","max-video-preview":"max-video-preview:-1"},"canonical":"https:\/\/mediasoft.com.pl\/projekty\/spawstalsk\/wycena\/wycena-ogrodzen\/","og_locale":"pl_PL","og_type":"article","og_title":"Wycena ogrodze\u0144 - Spaw Stal S.K.","og_url":"https:\/\/mediasoft.com.pl\/projekty\/spawstalsk\/wycena\/wycena-ogrodzen\/","og_site_name":"Spaw Stal S.K.","article_modified_time":"2019-02-05T09:12:24+00:00","twitter_card":"summary_large_image","schema":{"@context":"https:\/\/schema.org","@graph":[{"@type":"WebSite","@id":"https:\/\/mediasoft.com.pl\/projekty\/spawstalsk\/#website","url":"https:\/\/mediasoft.com.pl\/projekty\/spawstalsk\/","name":"Spaw Stal S.K.","description":"Nowoczesne Ogrodzenia","potentialAction":[{"@type":"SearchAction","target":{"@type":"EntryPoint","urlTemplate":"https:\/\/mediasoft.com.pl\/projekty\/spawstalsk\/?s={search_term_string}"},"query-input":"required name=search_term_string"}],"inLanguage":"pl-PL"},{"@type":"WebPage","@id":"https:\/\/mediasoft.com.pl\/projekty\/spawstalsk\/wycena\/wycena-ogrodzen\/#webpage","url":"https:\/\/mediasoft.com.pl\/projekty\/spawstalsk\/wycena\/wycena-ogrodzen\/","name":"Wycena ogrodze\u0144 - Spaw Stal S.K.","isPartOf":{"@id":"https:\/\/mediasoft.com.pl\/projekty\/spawstalsk\/#website"},"datePublished":"2018-07-31T11:20:36+00:00","dateModified":"2019-02-05T09:12:24+00:00","breadcrumb":{"@id":"https:\/\/mediasoft.com.pl\/projekty\/spawstalsk\/wycena\/wycena-ogrodzen\/#breadcrumb"},"inLanguage":"pl-PL","potentialAction":[{"@type":"ReadAction","target":["https:\/\/mediasoft.com.pl\/projekty\/spawstalsk\/wycena\/wycena-ogrodzen\/"]}]},{"@type":"BreadcrumbList","@id":"https:\/\/mediasoft.com.pl\/projekty\/spawstalsk\/wycena\/wycena-ogrodzen\/#breadcrumb","itemListElement":[{"@type":"ListItem","position":1,"name":"Strona g\u0142\u00f3wna","item":"https:\/\/mediasoft.com.pl\/projekty\/spawstalsk\/"},{"@type":"ListItem","position":2,"name":"Wycena","item":"https:\/\/mediasoft.com.pl\/projekty\/spawstalsk\/wycena\/"},{"@type":"ListItem","position":3,"name":"Wycena ogrodze\u0144"}]}]}},"_links":{"self":[{"href":"https:\/\/mediasoft.com.pl\/projekty\/spawstalsk\/wp-json\/wp\/v2\/pages\/740"}],"collection":[{"href":"https:\/\/mediasoft.com.pl\/projekty\/spawstalsk\/wp-json\/wp\/v2\/pages"}],"about":[{"href":"https:\/\/mediasoft.com.pl\/projekty\/spawstalsk\/wp-json\/wp\/v2\/types\/page"}],"author":[{"embeddable":true,"href":"https:\/\/mediasoft.com.pl\/projekty\/spawstalsk\/wp-json\/wp\/v2\/users\/1"}],"replies":[{"embeddable":true,"href":"https:\/\/mediasoft.com.pl\/projekty\/spawstalsk\/wp-json\/wp\/v2\/comments?post=740"}],"version-history":[{"count":241,"href":"https:\/\/mediasoft.com.pl\/projekty\/spawstalsk\/wp-json\/wp\/v2\/pages\/740\/revisions"}],"predecessor-version":[{"id":1492,"href":"https:\/\/mediasoft.com.pl\/projekty\/spawstalsk\/wp-json\/wp\/v2\/pages\/740\/revisions\/1492"}],"up":[{"embeddable":true,"href":"https:\/\/mediasoft.com.pl\/projekty\/spawstalsk\/wp-json\/wp\/v2\/pages\/1234"}],"wp:attachment":[{"href":"https:\/\/mediasoft.com.pl\/projekty\/spawstalsk\/wp-json\/wp\/v2\/media?parent=740"}],"curies":[{"name":"wp","href":"https:\/\/api.w.org\/{rel}","templated":true}]}}