{"id":337,"date":"2018-01-06T12:43:14","date_gmt":"2018-01-06T12:43:14","guid":{"rendered":"https:\/\/mediasoft.com.pl\/projekty\/spawstalsk\/?page_id=337"},"modified":"2019-11-05T19:47:15","modified_gmt":"2019-11-05T19:47:15","slug":"garazowe","status":"publish","type":"page","link":"https:\/\/mediasoft.com.pl\/projekty\/spawstalsk\/realizacje\/oferta\/garazowe\/","title":{"rendered":"Gara\u017cowe"},"content":{"rendered":"<p><strong>Bramy segmentowe \u00a0<\/strong>zapewniaj\u0105 bezpiecze\u0144stwo i komfort u\u017cytkowania.<strong>\u00a0Bramy segmentowe<\/strong>\u00a0dzi\u0119ki temu, \u017ce otwieraj\u0105 si\u0119 pionowo, oszcz\u0119dzaj\u0105 miejsca przed i wewn\u0105trz gara\u017cu. Dodatkowym atutem jest fakt, \u017ce do dyspozycji pozostaje ca\u0142e \u015bwiat\u0142o przejazdu<strong>. Bramy segmentowe\u00a0<\/strong>mo\u017cna zastosowa\u0107 w ka\u017cdej sytuacji monta\u017cowej &#8211; kszta\u0142t otworu do gara\u017cu nie gra \u017cadnej roli. Niezale\u017cnie od tego, czy nadpro\u017ce ma form\u0119 prostok\u0105tn\u0105 czy sko\u015bn\u0105 lub jest zako\u0144czone \u0142ukiem &#8211; brama segmentowa pasuje w ka\u017cdej sytuacji. Dzi\u0119ki swojej konstrukcji idealnie nadaj\u0105 si\u0119 do remontowanych gara\u017c<\/p>\n<p>&nbsp;<\/p>\n<p><a href=\"https:\/\/mediasoft.com.pl\/projekty\/spawstalsk\/wp-content\/uploads\/2019\/11\/brama-segmentowa-UniPro.png\"><img loading=\"lazy\" class=\"size-medium wp-image-1550 aligncenter\" src=\"https:\/\/mediasoft.com.pl\/projekty\/spawstalsk\/wp-content\/uploads\/2019\/11\/brama-segmentowa-UniPro-300x187.png\" alt=\"\" width=\"300\" height=\"187\" srcset=\"https:\/\/mediasoft.com.pl\/projekty\/spawstalsk\/wp-content\/uploads\/2019\/11\/brama-segmentowa-UniPro-300x187.png 300w, https:\/\/mediasoft.com.pl\/projekty\/spawstalsk\/wp-content\/uploads\/2019\/11\/brama-segmentowa-UniPro.png 700w\" sizes=\"(max-width: 300px) 100vw, 300px\" \/><\/a><\/p>\n<p>&nbsp;<\/p>\n<p><a href=\"https:\/\/mediasoft.com.pl\/projekty\/spawstalsk\/wp-content\/uploads\/2019\/11\/pobrane.jpg\"><img loading=\"lazy\" class=\"size-medium wp-image-1575 aligncenter\" src=\"https:\/\/mediasoft.com.pl\/projekty\/spawstalsk\/wp-content\/uploads\/2019\/11\/pobrane-300x77.jpg\" alt=\"\" width=\"300\" height=\"77\" srcset=\"https:\/\/mediasoft.com.pl\/projekty\/spawstalsk\/wp-content\/uploads\/2019\/11\/pobrane-300x77.jpg 300w, https:\/\/mediasoft.com.pl\/projekty\/spawstalsk\/wp-content\/uploads\/2019\/11\/pobrane.jpg 442w\" sizes=\"(max-width: 300px) 100vw, 300px\" \/><\/a><\/p>\n<p><a href=\"https:\/\/mediasoft.com.pl\/projekty\/spawstalsk\/wp-content\/uploads\/2019\/11\/pobrane.png\"><img loading=\"lazy\" class=\"size-medium wp-image-1576 aligncenter\" src=\"https:\/\/mediasoft.com.pl\/projekty\/spawstalsk\/wp-content\/uploads\/2019\/11\/pobrane-300x157.png\" alt=\"\" width=\"300\" height=\"157\" srcset=\"https:\/\/mediasoft.com.pl\/projekty\/spawstalsk\/wp-content\/uploads\/2019\/11\/pobrane-300x157.png 300w, https:\/\/mediasoft.com.pl\/projekty\/spawstalsk\/wp-content\/uploads\/2019\/11\/pobrane.png 310w\" sizes=\"(max-width: 300px) 100vw, 300px\" \/><\/a><\/p>\n<p>&nbsp;<\/p>\n<p>&nbsp;<\/p>\n","protected":false},"excerpt":{"rendered":"<p>Bramy segmentowe \u00a0zapewniaj\u0105 bezpiecze\u0144stwo i komfort u\u017cytkowania.\u00a0Bramy segmentowe\u00a0dzi\u0119ki temu, \u017ce otwieraj\u0105 si\u0119 pionowo, oszcz\u0119dzaj\u0105 miejsca przed i wewn\u0105trz gara\u017cu. Dodatkowym atutem jest fakt, \u017ce do dyspozycji pozostaje ca\u0142e \u015bwiat\u0142o przejazdu. Bramy segmentowe\u00a0mo\u017cna zastosowa\u0107 w ka\u017cdej sytuacji monta\u017cowej &#8211; kszta\u0142t otworu do gara\u017cu nie gra \u017cadnej roli. Niezale\u017cnie od tego, czy nadpro\u017ce ma form\u0119 prostok\u0105tn\u0105 czy [&hellip;]<\/p>\n","protected":false},"author":1,"featured_media":0,"parent":13,"menu_order":13,"comment_status":"closed","ping_status":"closed","template":"","meta":{"_genesis_hide_title":false,"_genesis_hide_breadcrumbs":false,"_genesis_hide_singular_image":false,"_genesis_hide_footer_widgets":false,"_genesis_custom_body_class":"","_genesis_custom_post_class":"","_genesis_layout":""},"yoast_head":"<!-- This site is optimized with the Yoast SEO plugin v18.0 - https:\/\/yoast.com\/wordpress\/plugins\/seo\/ -->\n<title>Gara\u017cowe - Spaw Stal S.K.<\/title>\n<meta name=\"robots\" content=\"index, follow, max-snippet:-1, max-image-preview:large, max-video-preview:-1\" \/>\n<link rel=\"canonical\" href=\"https:\/\/mediasoft.com.pl\/projekty\/spawstalsk\/realizacje\/oferta\/garazowe\/\" \/>\n<meta property=\"og:locale\" content=\"pl_PL\" \/>\n<meta property=\"og:type\" content=\"article\" \/>\n<meta property=\"og:title\" content=\"Gara\u017cowe - Spaw Stal S.K.\" \/>\n<meta property=\"og:description\" content=\"Bramy segmentowe \u00a0zapewniaj\u0105 bezpiecze\u0144stwo i komfort u\u017cytkowania.\u00a0Bramy segmentowe\u00a0dzi\u0119ki temu, \u017ce otwieraj\u0105 si\u0119 pionowo, oszcz\u0119dzaj\u0105 miejsca przed i wewn\u0105trz gara\u017cu. Dodatkowym atutem jest fakt, \u017ce do dyspozycji pozostaje ca\u0142e \u015bwiat\u0142o przejazdu. Bramy segmentowe\u00a0mo\u017cna zastosowa\u0107 w ka\u017cdej sytuacji monta\u017cowej &#8211; kszta\u0142t otworu do gara\u017cu nie gra \u017cadnej roli. Niezale\u017cnie od tego, czy nadpro\u017ce ma form\u0119 prostok\u0105tn\u0105 czy [&hellip;]\" \/>\n<meta property=\"og:url\" content=\"https:\/\/mediasoft.com.pl\/projekty\/spawstalsk\/realizacje\/oferta\/garazowe\/\" \/>\n<meta property=\"og:site_name\" content=\"Spaw Stal S.K.\" \/>\n<meta property=\"article:modified_time\" content=\"2019-11-05T19:47:15+00:00\" \/>\n<meta property=\"og:image\" content=\"https:\/\/mediasoft.com.pl\/projekty\/spawstalsk\/wp-content\/uploads\/2019\/11\/brama-segmentowa-UniPro-300x187.png\" \/>\n<meta name=\"twitter:card\" content=\"summary_large_image\" \/>\n<meta name=\"twitter:label1\" content=\"Szacowany czas czytania\" \/>\n\t<meta name=\"twitter:data1\" content=\"1 minuta\" \/>\n<script type=\"application\/ld+json\" class=\"yoast-schema-graph\">{\"@context\":\"https:\/\/schema.org\",\"@graph\":[{\"@type\":\"WebSite\",\"@id\":\"https:\/\/mediasoft.com.pl\/projekty\/spawstalsk\/#website\",\"url\":\"https:\/\/mediasoft.com.pl\/projekty\/spawstalsk\/\",\"name\":\"Spaw Stal S.K.\",\"description\":\"Nowoczesne Ogrodzenia\",\"potentialAction\":[{\"@type\":\"SearchAction\",\"target\":{\"@type\":\"EntryPoint\",\"urlTemplate\":\"https:\/\/mediasoft.com.pl\/projekty\/spawstalsk\/?s={search_term_string}\"},\"query-input\":\"required name=search_term_string\"}],\"inLanguage\":\"pl-PL\"},{\"@type\":\"ImageObject\",\"@id\":\"https:\/\/mediasoft.com.pl\/projekty\/spawstalsk\/realizacje\/oferta\/garazowe\/#primaryimage\",\"inLanguage\":\"pl-PL\",\"url\":\"https:\/\/mediasoft.com.pl\/projekty\/spawstalsk\/wp-content\/uploads\/2019\/11\/brama-segmentowa-UniPro.png\",\"contentUrl\":\"https:\/\/mediasoft.com.pl\/projekty\/spawstalsk\/wp-content\/uploads\/2019\/11\/brama-segmentowa-UniPro.png\",\"width\":700,\"height\":436},{\"@type\":\"WebPage\",\"@id\":\"https:\/\/mediasoft.com.pl\/projekty\/spawstalsk\/realizacje\/oferta\/garazowe\/#webpage\",\"url\":\"https:\/\/mediasoft.com.pl\/projekty\/spawstalsk\/realizacje\/oferta\/garazowe\/\",\"name\":\"Gara\u017cowe - Spaw Stal S.K.\",\"isPartOf\":{\"@id\":\"https:\/\/mediasoft.com.pl\/projekty\/spawstalsk\/#website\"},\"primaryImageOfPage\":{\"@id\":\"https:\/\/mediasoft.com.pl\/projekty\/spawstalsk\/realizacje\/oferta\/garazowe\/#primaryimage\"},\"datePublished\":\"2018-01-06T12:43:14+00:00\",\"dateModified\":\"2019-11-05T19:47:15+00:00\",\"breadcrumb\":{\"@id\":\"https:\/\/mediasoft.com.pl\/projekty\/spawstalsk\/realizacje\/oferta\/garazowe\/#breadcrumb\"},\"inLanguage\":\"pl-PL\",\"potentialAction\":[{\"@type\":\"ReadAction\",\"target\":[\"https:\/\/mediasoft.com.pl\/projekty\/spawstalsk\/realizacje\/oferta\/garazowe\/\"]}]},{\"@type\":\"BreadcrumbList\",\"@id\":\"https:\/\/mediasoft.com.pl\/projekty\/spawstalsk\/realizacje\/oferta\/garazowe\/#breadcrumb\",\"itemListElement\":[{\"@type\":\"ListItem\",\"position\":1,\"name\":\"Strona g\u0142\u00f3wna\",\"item\":\"https:\/\/mediasoft.com.pl\/projekty\/spawstalsk\/\"},{\"@type\":\"ListItem\",\"position\":2,\"name\":\"Realizacje\",\"item\":\"https:\/\/mediasoft.com.pl\/projekty\/spawstalsk\/realizacje\/\"},{\"@type\":\"ListItem\",\"position\":3,\"name\":\"Bramy\",\"item\":\"https:\/\/mediasoft.com.pl\/projekty\/spawstalsk\/realizacje\/oferta\/\"},{\"@type\":\"ListItem\",\"position\":4,\"name\":\"Gara\u017cowe\"}]}]}<\/script>\n<!-- \/ Yoast SEO plugin. -->","yoast_head_json":{"title":"Gara\u017cowe - Spaw Stal S.K.","robots":{"index":"index","follow":"follow","max-snippet":"max-snippet:-1","max-image-preview":"max-image-preview:large","max-video-preview":"max-video-preview:-1"},"canonical":"https:\/\/mediasoft.com.pl\/projekty\/spawstalsk\/realizacje\/oferta\/garazowe\/","og_locale":"pl_PL","og_type":"article","og_title":"Gara\u017cowe - Spaw Stal S.K.","og_description":"Bramy segmentowe \u00a0zapewniaj\u0105 bezpiecze\u0144stwo i komfort u\u017cytkowania.\u00a0Bramy segmentowe\u00a0dzi\u0119ki temu, \u017ce otwieraj\u0105 si\u0119 pionowo, oszcz\u0119dzaj\u0105 miejsca przed i wewn\u0105trz gara\u017cu. Dodatkowym atutem jest fakt, \u017ce do dyspozycji pozostaje ca\u0142e \u015bwiat\u0142o przejazdu. Bramy segmentowe\u00a0mo\u017cna zastosowa\u0107 w ka\u017cdej sytuacji monta\u017cowej &#8211; kszta\u0142t otworu do gara\u017cu nie gra \u017cadnej roli. Niezale\u017cnie od tego, czy nadpro\u017ce ma form\u0119 prostok\u0105tn\u0105 czy [&hellip;]","og_url":"https:\/\/mediasoft.com.pl\/projekty\/spawstalsk\/realizacje\/oferta\/garazowe\/","og_site_name":"Spaw Stal S.K.","article_modified_time":"2019-11-05T19:47:15+00:00","og_image":[{"url":"https:\/\/mediasoft.com.pl\/projekty\/spawstalsk\/wp-content\/uploads\/2019\/11\/brama-segmentowa-UniPro-300x187.png"}],"twitter_card":"summary_large_image","twitter_misc":{"Szacowany czas czytania":"1 minuta"},"schema":{"@context":"https:\/\/schema.org","@graph":[{"@type":"WebSite","@id":"https:\/\/mediasoft.com.pl\/projekty\/spawstalsk\/#website","url":"https:\/\/mediasoft.com.pl\/projekty\/spawstalsk\/","name":"Spaw Stal S.K.","description":"Nowoczesne Ogrodzenia","potentialAction":[{"@type":"SearchAction","target":{"@type":"EntryPoint","urlTemplate":"https:\/\/mediasoft.com.pl\/projekty\/spawstalsk\/?s={search_term_string}"},"query-input":"required name=search_term_string"}],"inLanguage":"pl-PL"},{"@type":"ImageObject","@id":"https:\/\/mediasoft.com.pl\/projekty\/spawstalsk\/realizacje\/oferta\/garazowe\/#primaryimage","inLanguage":"pl-PL","url":"https:\/\/mediasoft.com.pl\/projekty\/spawstalsk\/wp-content\/uploads\/2019\/11\/brama-segmentowa-UniPro.png","contentUrl":"https:\/\/mediasoft.com.pl\/projekty\/spawstalsk\/wp-content\/uploads\/2019\/11\/brama-segmentowa-UniPro.png","width":700,"height":436},{"@type":"WebPage","@id":"https:\/\/mediasoft.com.pl\/projekty\/spawstalsk\/realizacje\/oferta\/garazowe\/#webpage","url":"https:\/\/mediasoft.com.pl\/projekty\/spawstalsk\/realizacje\/oferta\/garazowe\/","name":"Gara\u017cowe - Spaw Stal S.K.","isPartOf":{"@id":"https:\/\/mediasoft.com.pl\/projekty\/spawstalsk\/#website"},"primaryImageOfPage":{"@id":"https:\/\/mediasoft.com.pl\/projekty\/spawstalsk\/realizacje\/oferta\/garazowe\/#primaryimage"},"datePublished":"2018-01-06T12:43:14+00:00","dateModified":"2019-11-05T19:47:15+00:00","breadcrumb":{"@id":"https:\/\/mediasoft.com.pl\/projekty\/spawstalsk\/realizacje\/oferta\/garazowe\/#breadcrumb"},"inLanguage":"pl-PL","potentialAction":[{"@type":"ReadAction","target":["https:\/\/mediasoft.com.pl\/projekty\/spawstalsk\/realizacje\/oferta\/garazowe\/"]}]},{"@type":"BreadcrumbList","@id":"https:\/\/mediasoft.com.pl\/projekty\/spawstalsk\/realizacje\/oferta\/garazowe\/#breadcrumb","itemListElement":[{"@type":"ListItem","position":1,"name":"Strona g\u0142\u00f3wna","item":"https:\/\/mediasoft.com.pl\/projekty\/spawstalsk\/"},{"@type":"ListItem","position":2,"name":"Realizacje","item":"https:\/\/mediasoft.com.pl\/projekty\/spawstalsk\/realizacje\/"},{"@type":"ListItem","position":3,"name":"Bramy","item":"https:\/\/mediasoft.com.pl\/projekty\/spawstalsk\/realizacje\/oferta\/"},{"@type":"ListItem","position":4,"name":"Gara\u017cowe"}]}]}},"_links":{"self":[{"href":"https:\/\/mediasoft.com.pl\/projekty\/spawstalsk\/wp-json\/wp\/v2\/pages\/337"}],"collection":[{"href":"https:\/\/mediasoft.com.pl\/projekty\/spawstalsk\/wp-json\/wp\/v2\/pages"}],"about":[{"href":"https:\/\/mediasoft.com.pl\/projekty\/spawstalsk\/wp-json\/wp\/v2\/types\/page"}],"author":[{"embeddable":true,"href":"https:\/\/mediasoft.com.pl\/projekty\/spawstalsk\/wp-json\/wp\/v2\/users\/1"}],"replies":[{"embeddable":true,"href":"https:\/\/mediasoft.com.pl\/projekty\/spawstalsk\/wp-json\/wp\/v2\/comments?post=337"}],"version-history":[{"count":8,"href":"https:\/\/mediasoft.com.pl\/projekty\/spawstalsk\/wp-json\/wp\/v2\/pages\/337\/revisions"}],"predecessor-version":[{"id":1577,"href":"https:\/\/mediasoft.com.pl\/projekty\/spawstalsk\/wp-json\/wp\/v2\/pages\/337\/revisions\/1577"}],"up":[{"embeddable":true,"href":"https:\/\/mediasoft.com.pl\/projekty\/spawstalsk\/wp-json\/wp\/v2\/pages\/13"}],"wp:attachment":[{"href":"https:\/\/mediasoft.com.pl\/projekty\/spawstalsk\/wp-json\/wp\/v2\/media?parent=337"}],"curies":[{"name":"wp","href":"https:\/\/api.w.org\/{rel}","templated":true}]}}