{"id":330,"date":"2018-01-06T12:18:36","date_gmt":"2018-01-06T12:18:36","guid":{"rendered":"https:\/\/mediasoft.com.pl\/projekty\/spawstalsk\/?page_id=330"},"modified":"2019-11-05T19:58:06","modified_gmt":"2019-11-05T19:58:06","slug":"automatyka","status":"publish","type":"page","link":"https:\/\/mediasoft.com.pl\/projekty\/spawstalsk\/automatyka\/","title":{"rendered":"Automatyka"},"content":{"rendered":"<p style=\"text-align: justify;\">Korzystanie z bramy wjazdowej stanie si\u0119 naprawd\u0119 komfortowe, gdy wyposa\u017cysz j\u0105 w<strong>\u00a0zdalnie sterowany nap\u0119d<\/strong>. Tak, jak tego oczekujesz. Oczywi\u015bcie nie mo\u017ce to by\u0107 byle jaki nap\u0119d, lecz produkt wysokiej jako\u015bci, na kt\u00f3rym mo\u017cesz polega\u0107 ka\u017cdego dnia.\u00a0<strong>Nap\u0119dy<\/strong>\u00a0do nowych bram wjazdowych lub jako wyposa\u017cenie uzupe\u0142niaj\u0105ce do istniej\u0105cych bram<strong>\u00a0skrzyd\u0142owych, przesuwnych i gara\u017cowych.<\/strong><\/p>\n<p style=\"text-align: justify;\"><a href=\"https:\/\/mediasoft.com.pl\/projekty\/spawstalsk\/wp-content\/uploads\/2019\/11\/battente.jpg\"><img loading=\"lazy\" class=\"size-medium wp-image-1583 aligncenter\" src=\"https:\/\/mediasoft.com.pl\/projekty\/spawstalsk\/wp-content\/uploads\/2019\/11\/battente-300x200.jpg\" alt=\"\" width=\"300\" height=\"200\" srcset=\"https:\/\/mediasoft.com.pl\/projekty\/spawstalsk\/wp-content\/uploads\/2019\/11\/battente-300x200.jpg 300w, https:\/\/mediasoft.com.pl\/projekty\/spawstalsk\/wp-content\/uploads\/2019\/11\/battente-768x512.jpg 768w, https:\/\/mediasoft.com.pl\/projekty\/spawstalsk\/wp-content\/uploads\/2019\/11\/battente-1024x682.jpg 1024w, https:\/\/mediasoft.com.pl\/projekty\/spawstalsk\/wp-content\/uploads\/2019\/11\/battente.jpg 2000w\" sizes=\"(max-width: 300px) 100vw, 300px\" \/><\/a><\/p>\n<div style=\"text-align: justify;\"><span style=\"font-size: large;\"><strong>Bramy wjazdowe i gara\u017cowe<\/strong>\u00a0s\u0105 obecne na ka\u017cdej posesji, zar\u00f3wno w domach jednorodzinnych, jak r\u00f3wnie\u017c ca\u0142ych osiedlach. Bardzo cz\u0119sto s\u0105 tak\u017ce instalowane w po\u0142\u0105czeniu z\u00a0<strong>automatyk\u0105<\/strong>\u00a0do zdalnego zarz\u0105dzania ich otwieraniem i zamykaniem.<strong>Systemy nowoczesnej automatyki\u00a0<\/strong>to komfortowe rozwi\u0105zania pozwalaj\u0105ce nam korzysta\u0107 z pe\u0142ni wyg\u00f3d i usprawniaj\u0105c wjazd na posesj\u0119. Brak potrzeby wysiadania z samochodu, bezpiecze\u0144stwo bawi\u0105cych si\u0119 dzieci, spok\u00f3j o nasze zwierz\u0119ta&#8230; Wszystko dzi\u0119ki jednemu naci\u015bni\u0119ciu pilota. Nasza firma wykonuje kompleksowe instalacje zestaw\u00f3w\u00a0<strong>automatyki<\/strong>\u00a0w ramach inwestycji b\u0105d\u017a w oparciu o indywidualne zlecenia.<\/span><\/div>\n<div style=\"text-align: center;\"><\/div>\n<div style=\"text-align: center;\"><a href=\"https:\/\/mediasoft.com.pl\/projekty\/spawstalsk\/wp-content\/uploads\/2019\/11\/pobrane-1.png\"><img loading=\"lazy\" class=\"alignnone size-full wp-image-1580\" src=\"https:\/\/mediasoft.com.pl\/projekty\/spawstalsk\/wp-content\/uploads\/2019\/11\/pobrane-1.png\" alt=\"\" width=\"225\" height=\"225\" srcset=\"https:\/\/mediasoft.com.pl\/projekty\/spawstalsk\/wp-content\/uploads\/2019\/11\/pobrane-1.png 225w, https:\/\/mediasoft.com.pl\/projekty\/spawstalsk\/wp-content\/uploads\/2019\/11\/pobrane-1-150x150.png 150w\" sizes=\"(max-width: 225px) 100vw, 225px\" \/><\/a><\/div>\n<div><a href=\"https:\/\/mediasoft.com.pl\/projekty\/spawstalsk\/wp-content\/uploads\/2019\/11\/pobrane-1.jpg\"><img loading=\"lazy\" class=\"size-full wp-image-1581 aligncenter\" src=\"https:\/\/mediasoft.com.pl\/projekty\/spawstalsk\/wp-content\/uploads\/2019\/11\/pobrane-1.jpg\" alt=\"\" width=\"225\" height=\"225\" srcset=\"https:\/\/mediasoft.com.pl\/projekty\/spawstalsk\/wp-content\/uploads\/2019\/11\/pobrane-1.jpg 225w, https:\/\/mediasoft.com.pl\/projekty\/spawstalsk\/wp-content\/uploads\/2019\/11\/pobrane-1-150x150.jpg 150w\" sizes=\"(max-width: 225px) 100vw, 225px\" \/><\/a><a href=\"https:\/\/mediasoft.com.pl\/projekty\/spawstalsk\/wp-content\/uploads\/2019\/11\/pobrane-2.png\"><img loading=\"lazy\" class=\"size-full wp-image-1582 aligncenter\" src=\"https:\/\/mediasoft.com.pl\/projekty\/spawstalsk\/wp-content\/uploads\/2019\/11\/pobrane-2.png\" alt=\"\" width=\"255\" height=\"198\" \/><\/a><\/div>\n","protected":false},"excerpt":{"rendered":"<p>Korzystanie z bramy wjazdowej stanie si\u0119 naprawd\u0119 komfortowe, gdy wyposa\u017cysz j\u0105 w\u00a0zdalnie sterowany nap\u0119d. Tak, jak tego oczekujesz. Oczywi\u015bcie nie mo\u017ce to by\u0107 byle jaki nap\u0119d, lecz produkt wysokiej jako\u015bci, na kt\u00f3rym mo\u017cesz polega\u0107 ka\u017cdego dnia.\u00a0Nap\u0119dy\u00a0do nowych bram wjazdowych lub jako wyposa\u017cenie uzupe\u0142niaj\u0105ce do istniej\u0105cych bram\u00a0skrzyd\u0142owych, przesuwnych i gara\u017cowych. Bramy wjazdowe i gara\u017cowe\u00a0s\u0105 obecne na [&hellip;]<\/p>\n","protected":false},"author":1,"featured_media":0,"parent":0,"menu_order":6,"comment_status":"closed","ping_status":"closed","template":"","meta":{"_genesis_hide_title":false,"_genesis_hide_breadcrumbs":false,"_genesis_hide_singular_image":false,"_genesis_hide_footer_widgets":false,"_genesis_custom_body_class":"","_genesis_custom_post_class":"","_genesis_layout":""},"yoast_head":"<!-- This site is optimized with the Yoast SEO plugin v18.0 - https:\/\/yoast.com\/wordpress\/plugins\/seo\/ -->\n<title>Automatyka - Spaw Stal S.K.<\/title>\n<meta name=\"robots\" content=\"index, follow, max-snippet:-1, max-image-preview:large, max-video-preview:-1\" \/>\n<link rel=\"canonical\" href=\"https:\/\/mediasoft.com.pl\/projekty\/spawstalsk\/automatyka\/\" \/>\n<meta property=\"og:locale\" content=\"pl_PL\" \/>\n<meta property=\"og:type\" content=\"article\" \/>\n<meta property=\"og:title\" content=\"Automatyka - Spaw Stal S.K.\" \/>\n<meta property=\"og:description\" content=\"Korzystanie z bramy wjazdowej stanie si\u0119 naprawd\u0119 komfortowe, gdy wyposa\u017cysz j\u0105 w\u00a0zdalnie sterowany nap\u0119d. Tak, jak tego oczekujesz. Oczywi\u015bcie nie mo\u017ce to by\u0107 byle jaki nap\u0119d, lecz produkt wysokiej jako\u015bci, na kt\u00f3rym mo\u017cesz polega\u0107 ka\u017cdego dnia.\u00a0Nap\u0119dy\u00a0do nowych bram wjazdowych lub jako wyposa\u017cenie uzupe\u0142niaj\u0105ce do istniej\u0105cych bram\u00a0skrzyd\u0142owych, przesuwnych i gara\u017cowych. Bramy wjazdowe i gara\u017cowe\u00a0s\u0105 obecne na [&hellip;]\" \/>\n<meta property=\"og:url\" content=\"https:\/\/mediasoft.com.pl\/projekty\/spawstalsk\/automatyka\/\" \/>\n<meta property=\"og:site_name\" content=\"Spaw Stal S.K.\" \/>\n<meta property=\"article:modified_time\" content=\"2019-11-05T19:58:06+00:00\" \/>\n<meta property=\"og:image\" content=\"https:\/\/mediasoft.com.pl\/projekty\/spawstalsk\/wp-content\/uploads\/2019\/11\/battente-300x200.jpg\" \/>\n<meta name=\"twitter:card\" content=\"summary_large_image\" \/>\n<meta name=\"twitter:label1\" content=\"Szacowany czas czytania\" \/>\n\t<meta name=\"twitter:data1\" content=\"1 minuta\" \/>\n<script type=\"application\/ld+json\" class=\"yoast-schema-graph\">{\"@context\":\"https:\/\/schema.org\",\"@graph\":[{\"@type\":\"WebSite\",\"@id\":\"https:\/\/mediasoft.com.pl\/projekty\/spawstalsk\/#website\",\"url\":\"https:\/\/mediasoft.com.pl\/projekty\/spawstalsk\/\",\"name\":\"Spaw Stal S.K.\",\"description\":\"Nowoczesne Ogrodzenia\",\"potentialAction\":[{\"@type\":\"SearchAction\",\"target\":{\"@type\":\"EntryPoint\",\"urlTemplate\":\"https:\/\/mediasoft.com.pl\/projekty\/spawstalsk\/?s={search_term_string}\"},\"query-input\":\"required name=search_term_string\"}],\"inLanguage\":\"pl-PL\"},{\"@type\":\"ImageObject\",\"@id\":\"https:\/\/mediasoft.com.pl\/projekty\/spawstalsk\/automatyka\/#primaryimage\",\"inLanguage\":\"pl-PL\",\"url\":\"https:\/\/mediasoft.com.pl\/projekty\/spawstalsk\/wp-content\/uploads\/2019\/11\/battente.jpg\",\"contentUrl\":\"https:\/\/mediasoft.com.pl\/projekty\/spawstalsk\/wp-content\/uploads\/2019\/11\/battente.jpg\",\"width\":2000,\"height\":1333},{\"@type\":\"WebPage\",\"@id\":\"https:\/\/mediasoft.com.pl\/projekty\/spawstalsk\/automatyka\/#webpage\",\"url\":\"https:\/\/mediasoft.com.pl\/projekty\/spawstalsk\/automatyka\/\",\"name\":\"Automatyka - Spaw Stal S.K.\",\"isPartOf\":{\"@id\":\"https:\/\/mediasoft.com.pl\/projekty\/spawstalsk\/#website\"},\"primaryImageOfPage\":{\"@id\":\"https:\/\/mediasoft.com.pl\/projekty\/spawstalsk\/automatyka\/#primaryimage\"},\"datePublished\":\"2018-01-06T12:18:36+00:00\",\"dateModified\":\"2019-11-05T19:58:06+00:00\",\"breadcrumb\":{\"@id\":\"https:\/\/mediasoft.com.pl\/projekty\/spawstalsk\/automatyka\/#breadcrumb\"},\"inLanguage\":\"pl-PL\",\"potentialAction\":[{\"@type\":\"ReadAction\",\"target\":[\"https:\/\/mediasoft.com.pl\/projekty\/spawstalsk\/automatyka\/\"]}]},{\"@type\":\"BreadcrumbList\",\"@id\":\"https:\/\/mediasoft.com.pl\/projekty\/spawstalsk\/automatyka\/#breadcrumb\",\"itemListElement\":[{\"@type\":\"ListItem\",\"position\":1,\"name\":\"Strona g\u0142\u00f3wna\",\"item\":\"https:\/\/mediasoft.com.pl\/projekty\/spawstalsk\/\"},{\"@type\":\"ListItem\",\"position\":2,\"name\":\"Automatyka\"}]}]}<\/script>\n<!-- \/ Yoast SEO plugin. -->","yoast_head_json":{"title":"Automatyka - Spaw Stal S.K.","robots":{"index":"index","follow":"follow","max-snippet":"max-snippet:-1","max-image-preview":"max-image-preview:large","max-video-preview":"max-video-preview:-1"},"canonical":"https:\/\/mediasoft.com.pl\/projekty\/spawstalsk\/automatyka\/","og_locale":"pl_PL","og_type":"article","og_title":"Automatyka - Spaw Stal S.K.","og_description":"Korzystanie z bramy wjazdowej stanie si\u0119 naprawd\u0119 komfortowe, gdy wyposa\u017cysz j\u0105 w\u00a0zdalnie sterowany nap\u0119d. Tak, jak tego oczekujesz. Oczywi\u015bcie nie mo\u017ce to by\u0107 byle jaki nap\u0119d, lecz produkt wysokiej jako\u015bci, na kt\u00f3rym mo\u017cesz polega\u0107 ka\u017cdego dnia.\u00a0Nap\u0119dy\u00a0do nowych bram wjazdowych lub jako wyposa\u017cenie uzupe\u0142niaj\u0105ce do istniej\u0105cych bram\u00a0skrzyd\u0142owych, przesuwnych i gara\u017cowych. Bramy wjazdowe i gara\u017cowe\u00a0s\u0105 obecne na [&hellip;]","og_url":"https:\/\/mediasoft.com.pl\/projekty\/spawstalsk\/automatyka\/","og_site_name":"Spaw Stal S.K.","article_modified_time":"2019-11-05T19:58:06+00:00","og_image":[{"url":"https:\/\/mediasoft.com.pl\/projekty\/spawstalsk\/wp-content\/uploads\/2019\/11\/battente-300x200.jpg"}],"twitter_card":"summary_large_image","twitter_misc":{"Szacowany czas czytania":"1 minuta"},"schema":{"@context":"https:\/\/schema.org","@graph":[{"@type":"WebSite","@id":"https:\/\/mediasoft.com.pl\/projekty\/spawstalsk\/#website","url":"https:\/\/mediasoft.com.pl\/projekty\/spawstalsk\/","name":"Spaw Stal S.K.","description":"Nowoczesne Ogrodzenia","potentialAction":[{"@type":"SearchAction","target":{"@type":"EntryPoint","urlTemplate":"https:\/\/mediasoft.com.pl\/projekty\/spawstalsk\/?s={search_term_string}"},"query-input":"required name=search_term_string"}],"inLanguage":"pl-PL"},{"@type":"ImageObject","@id":"https:\/\/mediasoft.com.pl\/projekty\/spawstalsk\/automatyka\/#primaryimage","inLanguage":"pl-PL","url":"https:\/\/mediasoft.com.pl\/projekty\/spawstalsk\/wp-content\/uploads\/2019\/11\/battente.jpg","contentUrl":"https:\/\/mediasoft.com.pl\/projekty\/spawstalsk\/wp-content\/uploads\/2019\/11\/battente.jpg","width":2000,"height":1333},{"@type":"WebPage","@id":"https:\/\/mediasoft.com.pl\/projekty\/spawstalsk\/automatyka\/#webpage","url":"https:\/\/mediasoft.com.pl\/projekty\/spawstalsk\/automatyka\/","name":"Automatyka - Spaw Stal S.K.","isPartOf":{"@id":"https:\/\/mediasoft.com.pl\/projekty\/spawstalsk\/#website"},"primaryImageOfPage":{"@id":"https:\/\/mediasoft.com.pl\/projekty\/spawstalsk\/automatyka\/#primaryimage"},"datePublished":"2018-01-06T12:18:36+00:00","dateModified":"2019-11-05T19:58:06+00:00","breadcrumb":{"@id":"https:\/\/mediasoft.com.pl\/projekty\/spawstalsk\/automatyka\/#breadcrumb"},"inLanguage":"pl-PL","potentialAction":[{"@type":"ReadAction","target":["https:\/\/mediasoft.com.pl\/projekty\/spawstalsk\/automatyka\/"]}]},{"@type":"BreadcrumbList","@id":"https:\/\/mediasoft.com.pl\/projekty\/spawstalsk\/automatyka\/#breadcrumb","itemListElement":[{"@type":"ListItem","position":1,"name":"Strona g\u0142\u00f3wna","item":"https:\/\/mediasoft.com.pl\/projekty\/spawstalsk\/"},{"@type":"ListItem","position":2,"name":"Automatyka"}]}]}},"_links":{"self":[{"href":"https:\/\/mediasoft.com.pl\/projekty\/spawstalsk\/wp-json\/wp\/v2\/pages\/330"}],"collection":[{"href":"https:\/\/mediasoft.com.pl\/projekty\/spawstalsk\/wp-json\/wp\/v2\/pages"}],"about":[{"href":"https:\/\/mediasoft.com.pl\/projekty\/spawstalsk\/wp-json\/wp\/v2\/types\/page"}],"author":[{"embeddable":true,"href":"https:\/\/mediasoft.com.pl\/projekty\/spawstalsk\/wp-json\/wp\/v2\/users\/1"}],"replies":[{"embeddable":true,"href":"https:\/\/mediasoft.com.pl\/projekty\/spawstalsk\/wp-json\/wp\/v2\/comments?post=330"}],"version-history":[{"count":18,"href":"https:\/\/mediasoft.com.pl\/projekty\/spawstalsk\/wp-json\/wp\/v2\/pages\/330\/revisions"}],"predecessor-version":[{"id":1584,"href":"https:\/\/mediasoft.com.pl\/projekty\/spawstalsk\/wp-json\/wp\/v2\/pages\/330\/revisions\/1584"}],"wp:attachment":[{"href":"https:\/\/mediasoft.com.pl\/projekty\/spawstalsk\/wp-json\/wp\/v2\/media?parent=330"}],"curies":[{"name":"wp","href":"https:\/\/api.w.org\/{rel}","templated":true}]}}