{"id":23,"date":"2017-04-30T10:22:14","date_gmt":"2017-04-30T10:22:14","guid":{"rendered":"https:\/\/mediasoft.com.pl\/projekty\/spawstalsk\/?page_id=23"},"modified":"2019-01-30T14:01:16","modified_gmt":"2019-01-30T14:01:16","slug":"balustrady","status":"publish","type":"page","link":"https:\/\/mediasoft.com.pl\/projekty\/spawstalsk\/realizacje\/balustrady\/","title":{"rendered":"Balustrady"},"content":{"rendered":"<p>&nbsp;<\/p>\n<p><img loading=\"lazy\" class=\"aligncenter wp-image-315\" src=\"https:\/\/mediasoft.com.pl\/projekty\/spawstalsk\/wp-content\/uploads\/2017\/12\/DSCN4740.jpg\" alt=\"\" width=\"533\" height=\"400\" srcset=\"https:\/\/mediasoft.com.pl\/projekty\/spawstalsk\/wp-content\/uploads\/2017\/12\/DSCN4740.jpg 3264w, https:\/\/mediasoft.com.pl\/projekty\/spawstalsk\/wp-content\/uploads\/2017\/12\/DSCN4740-300x225.jpg 300w, https:\/\/mediasoft.com.pl\/projekty\/spawstalsk\/wp-content\/uploads\/2017\/12\/DSCN4740-768x576.jpg 768w, https:\/\/mediasoft.com.pl\/projekty\/spawstalsk\/wp-content\/uploads\/2017\/12\/DSCN4740-1024x768.jpg 1024w\" sizes=\"(max-width: 533px) 100vw, 533px\" \/><\/p>\n<p><span style=\"font-family: arial, helvetica, sans-serif;\">Zajmujemy si\u0119 wykonywaniem<strong> balustrad zewn\u0119trznych oraz wewn\u0119trznych<\/strong>. Podejmujemy si\u0119 wykonania wszelkich <strong>balustrad schodowych<\/strong> oraz <strong>balkonowych<\/strong>. Ka\u017cdy projekt jest dla nas wyzwaniem. Dbamy, by wszelkie elementy balustrady by\u0142y zgodne z charakterem wn\u0119trza. Wszystkie tworzone przez nas balustrady (schodowe, wewn\u0119trzne, zewn\u0119trzne), s\u0105 tworzone z najwy\u017cszej jako\u015bci stali,aluminium, oraz pokrywane warstwami ochronnymi. Na \u017cyczenie klienta <strong>balustrady kute<\/strong> zdobione s\u0105 patyn\u0105, mosi\u0105dzem lub z\u0142otem, co nadaje im jeszcze bardziej niepowtarzalny wygl\u0105d.<\/span><\/p>\n<div class=\"ezcol ezcol-one-third\">\n<p>&nbsp;<\/p>\n<p style=\"text-align: center;\"><a href=\"https:\/\/mediasoft.com.pl\/projekty\/spawstalsk\/?page_id=357&amp;lang=pl\"><img loading=\"lazy\" class=\"aligncenter size-medium wp-image-732\" src=\"https:\/\/mediasoft.com.pl\/projekty\/spawstalsk\/wp-content\/uploads\/2018\/02\/038-1-300x225.jpg\" alt=\"\" width=\"300\" height=\"225\" srcset=\"https:\/\/mediasoft.com.pl\/projekty\/spawstalsk\/wp-content\/uploads\/2018\/02\/038-1-300x225.jpg 300w, https:\/\/mediasoft.com.pl\/projekty\/spawstalsk\/wp-content\/uploads\/2018\/02\/038-1-768x576.jpg 768w, https:\/\/mediasoft.com.pl\/projekty\/spawstalsk\/wp-content\/uploads\/2018\/02\/038-1-1024x768.jpg 1024w, https:\/\/mediasoft.com.pl\/projekty\/spawstalsk\/wp-content\/uploads\/2018\/02\/038-1.jpg 1440w\" sizes=\"(max-width: 300px) 100vw, 300px\" \/><\/a><strong><a href=\"https:\/\/mediasoft.com.pl\/projekty\/spawstalsk\/?page_id=357&amp;lang=pl\">NOWOCZESNE<\/a><\/strong><\/p>\n<\/div>\n<div class=\"ezcol ezcol-one-third\">\n<p>&nbsp;<\/p>\n<p style=\"text-align: center;\"><a href=\"https:\/\/mediasoft.com.pl\/projekty\/spawstalsk\/?page_id=359&amp;lang=pl\"><img loading=\"lazy\" class=\"aligncenter size-medium wp-image-731\" src=\"https:\/\/mediasoft.com.pl\/projekty\/spawstalsk\/wp-content\/uploads\/2018\/02\/063-1-300x225.jpg\" alt=\"\" width=\"300\" height=\"225\" srcset=\"https:\/\/mediasoft.com.pl\/projekty\/spawstalsk\/wp-content\/uploads\/2018\/02\/063-1-300x225.jpg 300w, https:\/\/mediasoft.com.pl\/projekty\/spawstalsk\/wp-content\/uploads\/2018\/02\/063-1-768x576.jpg 768w, https:\/\/mediasoft.com.pl\/projekty\/spawstalsk\/wp-content\/uploads\/2018\/02\/063-1-1024x768.jpg 1024w, https:\/\/mediasoft.com.pl\/projekty\/spawstalsk\/wp-content\/uploads\/2018\/02\/063-1.jpg 1440w\" sizes=\"(max-width: 300px) 100vw, 300px\" \/><\/a><strong><a href=\"https:\/\/mediasoft.com.pl\/projekty\/spawstalsk\/?page_id=359&amp;lang=pl\">SCHODOWE<\/a><\/strong><\/p>\n<\/div>\n<div class=\"ezcol ezcol-one-third ezcol-last\">\n<p>&nbsp;<\/p>\n<p style=\"text-align: center;\"><a href=\"https:\/\/mediasoft.com.pl\/projekty\/spawstalsk\/?page_id=361&amp;lang=pl\"><img loading=\"lazy\" class=\"aligncenter size-medium wp-image-730\" src=\"https:\/\/mediasoft.com.pl\/projekty\/spawstalsk\/wp-content\/uploads\/2018\/02\/094-1-300x225.jpg\" alt=\"\" width=\"300\" height=\"225\" srcset=\"https:\/\/mediasoft.com.pl\/projekty\/spawstalsk\/wp-content\/uploads\/2018\/02\/094-1-300x225.jpg 300w, https:\/\/mediasoft.com.pl\/projekty\/spawstalsk\/wp-content\/uploads\/2018\/02\/094-1-768x576.jpg 768w, https:\/\/mediasoft.com.pl\/projekty\/spawstalsk\/wp-content\/uploads\/2018\/02\/094-1-1024x768.jpg 1024w, https:\/\/mediasoft.com.pl\/projekty\/spawstalsk\/wp-content\/uploads\/2018\/02\/094-1.jpg 1440w\" sizes=\"(max-width: 300px) 100vw, 300px\" \/><\/a><strong><a href=\"https:\/\/mediasoft.com.pl\/projekty\/spawstalsk\/?page_id=361&amp;lang=pl\">STAL NIERDZEWNA<\/a><\/strong><\/p>\n<\/div><div class=\"ezcol-divider\"><\/div>\n","protected":false},"excerpt":{"rendered":"<p>&nbsp; Zajmujemy si\u0119 wykonywaniem balustrad zewn\u0119trznych oraz wewn\u0119trznych. Podejmujemy si\u0119 wykonania wszelkich balustrad schodowych oraz balkonowych. Ka\u017cdy projekt jest dla nas wyzwaniem. Dbamy, by wszelkie elementy balustrady by\u0142y zgodne z charakterem wn\u0119trza. Wszystkie tworzone przez nas balustrady (schodowe, wewn\u0119trzne, zewn\u0119trzne), s\u0105 tworzone z najwy\u017cszej jako\u015bci stali,aluminium, oraz pokrywane warstwami ochronnymi. Na \u017cyczenie klienta balustrady kute [&hellip;]<\/p>\n","protected":false},"author":1,"featured_media":1453,"parent":86,"menu_order":13,"comment_status":"closed","ping_status":"closed","template":"","meta":{"_genesis_hide_title":false,"_genesis_hide_breadcrumbs":false,"_genesis_hide_singular_image":false,"_genesis_hide_footer_widgets":false,"_genesis_custom_body_class":"","_genesis_custom_post_class":"","_genesis_layout":""},"yoast_head":"<!-- This site is optimized with the Yoast SEO plugin v18.0 - https:\/\/yoast.com\/wordpress\/plugins\/seo\/ -->\n<title>Balustrady - Spaw Stal S.K.<\/title>\n<meta name=\"robots\" content=\"index, follow, max-snippet:-1, max-image-preview:large, max-video-preview:-1\" \/>\n<link rel=\"canonical\" href=\"https:\/\/mediasoft.com.pl\/projekty\/spawstalsk\/realizacje\/balustrady\/\" \/>\n<meta property=\"og:locale\" content=\"pl_PL\" \/>\n<meta property=\"og:type\" content=\"article\" \/>\n<meta property=\"og:title\" content=\"Balustrady - Spaw Stal S.K.\" \/>\n<meta property=\"og:description\" content=\"&nbsp; Zajmujemy si\u0119 wykonywaniem balustrad zewn\u0119trznych oraz wewn\u0119trznych. Podejmujemy si\u0119 wykonania wszelkich balustrad schodowych oraz balkonowych. Ka\u017cdy projekt jest dla nas wyzwaniem. Dbamy, by wszelkie elementy balustrady by\u0142y zgodne z charakterem wn\u0119trza. Wszystkie tworzone przez nas balustrady (schodowe, wewn\u0119trzne, zewn\u0119trzne), s\u0105 tworzone z najwy\u017cszej jako\u015bci stali,aluminium, oraz pokrywane warstwami ochronnymi. Na \u017cyczenie klienta balustrady kute [&hellip;]\" \/>\n<meta property=\"og:url\" content=\"https:\/\/mediasoft.com.pl\/projekty\/spawstalsk\/realizacje\/balustrady\/\" \/>\n<meta property=\"og:site_name\" content=\"Spaw Stal S.K.\" \/>\n<meta property=\"article:modified_time\" content=\"2019-01-30T14:01:16+00:00\" \/>\n<meta property=\"og:image\" content=\"https:\/\/mediasoft.com.pl\/projekty\/spawstalsk\/wp-content\/uploads\/2019\/01\/3-1.jpg\" \/>\n\t<meta property=\"og:image:width\" content=\"1145\" \/>\n\t<meta property=\"og:image:height\" content=\"340\" \/>\n\t<meta property=\"og:image:type\" content=\"image\/jpeg\" \/>\n<meta name=\"twitter:card\" content=\"summary_large_image\" \/>\n<meta name=\"twitter:label1\" content=\"Szacowany czas czytania\" \/>\n\t<meta name=\"twitter:data1\" content=\"1 minuta\" \/>\n<script type=\"application\/ld+json\" class=\"yoast-schema-graph\">{\"@context\":\"https:\/\/schema.org\",\"@graph\":[{\"@type\":\"WebSite\",\"@id\":\"https:\/\/mediasoft.com.pl\/projekty\/spawstalsk\/#website\",\"url\":\"https:\/\/mediasoft.com.pl\/projekty\/spawstalsk\/\",\"name\":\"Spaw Stal S.K.\",\"description\":\"Nowoczesne Ogrodzenia\",\"potentialAction\":[{\"@type\":\"SearchAction\",\"target\":{\"@type\":\"EntryPoint\",\"urlTemplate\":\"https:\/\/mediasoft.com.pl\/projekty\/spawstalsk\/?s={search_term_string}\"},\"query-input\":\"required name=search_term_string\"}],\"inLanguage\":\"pl-PL\"},{\"@type\":\"ImageObject\",\"@id\":\"https:\/\/mediasoft.com.pl\/projekty\/spawstalsk\/realizacje\/balustrady\/#primaryimage\",\"inLanguage\":\"pl-PL\",\"url\":\"https:\/\/mediasoft.com.pl\/projekty\/spawstalsk\/wp-content\/uploads\/2019\/01\/3-1.jpg\",\"contentUrl\":\"https:\/\/mediasoft.com.pl\/projekty\/spawstalsk\/wp-content\/uploads\/2019\/01\/3-1.jpg\",\"width\":1145,\"height\":340},{\"@type\":\"WebPage\",\"@id\":\"https:\/\/mediasoft.com.pl\/projekty\/spawstalsk\/realizacje\/balustrady\/#webpage\",\"url\":\"https:\/\/mediasoft.com.pl\/projekty\/spawstalsk\/realizacje\/balustrady\/\",\"name\":\"Balustrady - Spaw Stal S.K.\",\"isPartOf\":{\"@id\":\"https:\/\/mediasoft.com.pl\/projekty\/spawstalsk\/#website\"},\"primaryImageOfPage\":{\"@id\":\"https:\/\/mediasoft.com.pl\/projekty\/spawstalsk\/realizacje\/balustrady\/#primaryimage\"},\"datePublished\":\"2017-04-30T10:22:14+00:00\",\"dateModified\":\"2019-01-30T14:01:16+00:00\",\"breadcrumb\":{\"@id\":\"https:\/\/mediasoft.com.pl\/projekty\/spawstalsk\/realizacje\/balustrady\/#breadcrumb\"},\"inLanguage\":\"pl-PL\",\"potentialAction\":[{\"@type\":\"ReadAction\",\"target\":[\"https:\/\/mediasoft.com.pl\/projekty\/spawstalsk\/realizacje\/balustrady\/\"]}]},{\"@type\":\"BreadcrumbList\",\"@id\":\"https:\/\/mediasoft.com.pl\/projekty\/spawstalsk\/realizacje\/balustrady\/#breadcrumb\",\"itemListElement\":[{\"@type\":\"ListItem\",\"position\":1,\"name\":\"Strona g\u0142\u00f3wna\",\"item\":\"https:\/\/mediasoft.com.pl\/projekty\/spawstalsk\/\"},{\"@type\":\"ListItem\",\"position\":2,\"name\":\"Realizacje\",\"item\":\"https:\/\/mediasoft.com.pl\/projekty\/spawstalsk\/realizacje\/\"},{\"@type\":\"ListItem\",\"position\":3,\"name\":\"Balustrady\"}]}]}<\/script>\n<!-- \/ Yoast SEO plugin. -->","yoast_head_json":{"title":"Balustrady - Spaw Stal S.K.","robots":{"index":"index","follow":"follow","max-snippet":"max-snippet:-1","max-image-preview":"max-image-preview:large","max-video-preview":"max-video-preview:-1"},"canonical":"https:\/\/mediasoft.com.pl\/projekty\/spawstalsk\/realizacje\/balustrady\/","og_locale":"pl_PL","og_type":"article","og_title":"Balustrady - Spaw Stal S.K.","og_description":"&nbsp; Zajmujemy si\u0119 wykonywaniem balustrad zewn\u0119trznych oraz wewn\u0119trznych. Podejmujemy si\u0119 wykonania wszelkich balustrad schodowych oraz balkonowych. Ka\u017cdy projekt jest dla nas wyzwaniem. Dbamy, by wszelkie elementy balustrady by\u0142y zgodne z charakterem wn\u0119trza. Wszystkie tworzone przez nas balustrady (schodowe, wewn\u0119trzne, zewn\u0119trzne), s\u0105 tworzone z najwy\u017cszej jako\u015bci stali,aluminium, oraz pokrywane warstwami ochronnymi. Na \u017cyczenie klienta balustrady kute [&hellip;]","og_url":"https:\/\/mediasoft.com.pl\/projekty\/spawstalsk\/realizacje\/balustrady\/","og_site_name":"Spaw Stal S.K.","article_modified_time":"2019-01-30T14:01:16+00:00","og_image":[{"width":1145,"height":340,"url":"https:\/\/mediasoft.com.pl\/projekty\/spawstalsk\/wp-content\/uploads\/2019\/01\/3-1.jpg","type":"image\/jpeg"}],"twitter_card":"summary_large_image","twitter_misc":{"Szacowany czas czytania":"1 minuta"},"schema":{"@context":"https:\/\/schema.org","@graph":[{"@type":"WebSite","@id":"https:\/\/mediasoft.com.pl\/projekty\/spawstalsk\/#website","url":"https:\/\/mediasoft.com.pl\/projekty\/spawstalsk\/","name":"Spaw Stal S.K.","description":"Nowoczesne Ogrodzenia","potentialAction":[{"@type":"SearchAction","target":{"@type":"EntryPoint","urlTemplate":"https:\/\/mediasoft.com.pl\/projekty\/spawstalsk\/?s={search_term_string}"},"query-input":"required name=search_term_string"}],"inLanguage":"pl-PL"},{"@type":"ImageObject","@id":"https:\/\/mediasoft.com.pl\/projekty\/spawstalsk\/realizacje\/balustrady\/#primaryimage","inLanguage":"pl-PL","url":"https:\/\/mediasoft.com.pl\/projekty\/spawstalsk\/wp-content\/uploads\/2019\/01\/3-1.jpg","contentUrl":"https:\/\/mediasoft.com.pl\/projekty\/spawstalsk\/wp-content\/uploads\/2019\/01\/3-1.jpg","width":1145,"height":340},{"@type":"WebPage","@id":"https:\/\/mediasoft.com.pl\/projekty\/spawstalsk\/realizacje\/balustrady\/#webpage","url":"https:\/\/mediasoft.com.pl\/projekty\/spawstalsk\/realizacje\/balustrady\/","name":"Balustrady - Spaw Stal S.K.","isPartOf":{"@id":"https:\/\/mediasoft.com.pl\/projekty\/spawstalsk\/#website"},"primaryImageOfPage":{"@id":"https:\/\/mediasoft.com.pl\/projekty\/spawstalsk\/realizacje\/balustrady\/#primaryimage"},"datePublished":"2017-04-30T10:22:14+00:00","dateModified":"2019-01-30T14:01:16+00:00","breadcrumb":{"@id":"https:\/\/mediasoft.com.pl\/projekty\/spawstalsk\/realizacje\/balustrady\/#breadcrumb"},"inLanguage":"pl-PL","potentialAction":[{"@type":"ReadAction","target":["https:\/\/mediasoft.com.pl\/projekty\/spawstalsk\/realizacje\/balustrady\/"]}]},{"@type":"BreadcrumbList","@id":"https:\/\/mediasoft.com.pl\/projekty\/spawstalsk\/realizacje\/balustrady\/#breadcrumb","itemListElement":[{"@type":"ListItem","position":1,"name":"Strona g\u0142\u00f3wna","item":"https:\/\/mediasoft.com.pl\/projekty\/spawstalsk\/"},{"@type":"ListItem","position":2,"name":"Realizacje","item":"https:\/\/mediasoft.com.pl\/projekty\/spawstalsk\/realizacje\/"},{"@type":"ListItem","position":3,"name":"Balustrady"}]}]}},"_links":{"self":[{"href":"https:\/\/mediasoft.com.pl\/projekty\/spawstalsk\/wp-json\/wp\/v2\/pages\/23"}],"collection":[{"href":"https:\/\/mediasoft.com.pl\/projekty\/spawstalsk\/wp-json\/wp\/v2\/pages"}],"about":[{"href":"https:\/\/mediasoft.com.pl\/projekty\/spawstalsk\/wp-json\/wp\/v2\/types\/page"}],"author":[{"embeddable":true,"href":"https:\/\/mediasoft.com.pl\/projekty\/spawstalsk\/wp-json\/wp\/v2\/users\/1"}],"replies":[{"embeddable":true,"href":"https:\/\/mediasoft.com.pl\/projekty\/spawstalsk\/wp-json\/wp\/v2\/comments?post=23"}],"version-history":[{"count":21,"href":"https:\/\/mediasoft.com.pl\/projekty\/spawstalsk\/wp-json\/wp\/v2\/pages\/23\/revisions"}],"predecessor-version":[{"id":1454,"href":"https:\/\/mediasoft.com.pl\/projekty\/spawstalsk\/wp-json\/wp\/v2\/pages\/23\/revisions\/1454"}],"up":[{"embeddable":true,"href":"https:\/\/mediasoft.com.pl\/projekty\/spawstalsk\/wp-json\/wp\/v2\/pages\/86"}],"wp:featuredmedia":[{"embeddable":true,"href":"https:\/\/mediasoft.com.pl\/projekty\/spawstalsk\/wp-json\/wp\/v2\/media\/1453"}],"wp:attachment":[{"href":"https:\/\/mediasoft.com.pl\/projekty\/spawstalsk\/wp-json\/wp\/v2\/media?parent=23"}],"curies":[{"name":"wp","href":"https:\/\/api.w.org\/{rel}","templated":true}]}}