{"id":2,"date":"2017-04-30T00:04:04","date_gmt":"2017-04-30T00:04:04","guid":{"rendered":"https:\/\/mediasoft.com.pl\/projekty\/spawstalsk\/?page_id=2"},"modified":"2019-01-30T13:30:51","modified_gmt":"2019-01-30T13:30:51","slug":"o-nas","status":"publish","type":"page","link":"https:\/\/mediasoft.com.pl\/projekty\/spawstalsk\/o-nas\/","title":{"rendered":"O nas"},"content":{"rendered":"<p style=\"text-align: justify;\"><span style=\"font-size: medium; font-family: arial, helvetica, sans-serif;\">Firma&nbsp;<a href=\"https:\/\/mediasoft.com.pl\/projekty\/spawstalsk\"><em><strong><span style=\"color: #000080;\">SPAW-STAL S. K.<\/span><\/strong><\/em><\/a>&nbsp;przedsi\u0119biorstwo dzia\u0142aj\u0105ce w bran\u017cy metalowej od 2009 roku ,oferuje szerok\u0105 gam\u0119 us\u0142ug:&nbsp;<strong>spawalniczo<\/strong>&#8211;<strong>\u015blusarskich, MIG-MAG 135-136, Tig 141<\/strong>,&nbsp;<strong>metaloplastyki<\/strong>&nbsp;i<strong>&nbsp;kowalstwa artystycznego<\/strong>. <\/span><\/p>\n<blockquote>\n<p style=\"text-align: justify;\"><span style=\"font-size: 14pt; color: #000000;\"><strong><span style=\"font-family: arial, helvetica, sans-serif;\">Dlatego g\u0142\u00f3wn\u0105 dewiz\u0105 naszej dzia\u0142alno\u015bci jest jako\u015b\u0107.<\/span><\/strong><\/span><\/p>\n<\/blockquote>\n<p style=\"text-align: justify;\"><span style=\"font-size: medium;\">W naszej ofercie znajdziecie Pa\u0144stwo szeroki wyb\u00f3r produkt\u00f3w metalowych oraz kutych. W naszym katalogu &nbsp;znale\u017a\u0107 mo\u017cna m.in.:&nbsp;<strong>odbojnice, barierki techniczne,&nbsp;<\/strong><\/span><span style=\"font-size: medium;\"><strong>balustrady kute-nowoczesne, balustrady ze stali nierdzewnej, ogrodzenia aluminiowe, konstrukcje metalowe,<\/strong>&nbsp;<strong>ogrodzenia panelowe<\/strong>,&nbsp;<strong>ogrodzenia posesyjne<\/strong>,&nbsp;<strong>ogrodzenia \u0142upane<\/strong>,&nbsp;<strong>ogrodzenia palisadowe,<\/strong>&nbsp;<strong>bramy wjazdowe, bramy gara\u017cowe-segmentowe, ogrodzenia systemowe, kosze gabionowe<\/strong>. Dzi\u0119ki swoim licznym zaletom, s\u0105 one coraz bardziej<\/span>&nbsp;popularne i liczni odbiorcy wybieraj\u0105 w\u0142a\u015bnie nasze ogrodzenia. \u015al\u0105sk jest g\u0142\u00f3wnym terenem naszej dzia\u0142alno\u015bci, ale nie ograniczamy si\u0119 tylko do niego.<\/p>\n<p style=\"text-align: justify;\"><span style=\"font-size: medium;\">Naszym priorytetem jest najwy\u017cszy profesjonalizm, dlatego stale poszerzamy swoj\u0105 wiedz\u0119 i jeste\u015bmy coraz bardziej kreatywni. Nasze ogrodzenia kute czy inne wyr\u00f3\u017cniaj\u0105 si\u0119 wyj\u0105tkow\u0105 stylistyk\u0105, funkcjonalno\u015bci\u0105 oraz wytrzyma\u0142o\u015bci\u0105. Produkujemy przy tym nie tylko pi\u0119kne i trwa\u0142e, lecz r\u00f3wnie\u017c&nbsp; ogrodzenia kt\u00f3re s\u0105 na d\u0142ugie lata. \u0141\u0105czymy w ten spos\u00f3b nowoczesno\u015b\u0107 rozwi\u0105za\u0144 i optymalizacj\u0119 koszt\u00f3w.&nbsp;<\/span><\/p>\n<p style=\"text-align: center;\"><span style=\"font-family: arial, helvetica, sans-serif;\"><strong>Na wszystkie wykonane us\u0142ugi udzielamy gwarancji.<\/strong><\/span><\/p>\n<p style=\"text-align: center;\"><span style=\"font-size: medium;\">Przy wi\u0119kszych ilo\u015bciach proponujemy interesuj\u0105ce upusty.<\/span><\/p>\n<p style=\"text-align: center;\"><span style=\"font-size: medium;\">Stosujemy zabezpieczenia antykorozyjne takie jak:<strong> Cynkowanie ogniowe, Malowanie proszkowe<\/strong><\/span><\/p>\n<p style=\"text-align: center;\"><span style=\"font-size: medium;\">Umo\u017cliwiamy r\u00f3wnie\u017c wys\u0142anie Pa\u0144stwu naszych pozosta\u0142ych prac na e-maila.&nbsp; &nbsp;<\/span><\/p>\n<p style=\"text-align: center;\"><span style=\"font-size: 12pt;\"><strong><span style=\"font-family: arial, helvetica, sans-serif;\">Wykonujemy r\u00f3wnie\u017c kompleksowy monta\u017c ogrodze\u0144.<\/span><\/strong><\/span><\/p>\n<div class=\"mceTemp\" style=\"text-align: center;\"><\/div>\n<div class=\"mceTemp\" style=\"text-align: center;\"><\/div>\n","protected":false},"excerpt":{"rendered":"<p>Firma&nbsp;SPAW-STAL S. K.&nbsp;przedsi\u0119biorstwo dzia\u0142aj\u0105ce w bran\u017cy metalowej od 2009 roku ,oferuje szerok\u0105 gam\u0119 us\u0142ug:&nbsp;spawalniczo&#8211;\u015blusarskich, MIG-MAG 135-136, Tig 141,&nbsp;metaloplastyki&nbsp;i&nbsp;kowalstwa artystycznego. Dlatego g\u0142\u00f3wn\u0105 dewiz\u0105 naszej dzia\u0142alno\u015bci jest jako\u015b\u0107. W naszej ofercie znajdziecie Pa\u0144stwo szeroki wyb\u00f3r produkt\u00f3w metalowych oraz kutych. W naszym katalogu &nbsp;znale\u017a\u0107 mo\u017cna m.in.:&nbsp;odbojnice, barierki techniczne,&nbsp;balustrady kute-nowoczesne, balustrady ze stali nierdzewnej, ogrodzenia aluminiowe, konstrukcje metalowe,&nbsp;ogrodzenia panelowe,&nbsp;ogrodzenia [&hellip;]<\/p>\n","protected":false},"author":1,"featured_media":0,"parent":0,"menu_order":1,"comment_status":"closed","ping_status":"closed","template":"","meta":{"_genesis_hide_title":false,"_genesis_hide_breadcrumbs":false,"_genesis_hide_singular_image":false,"_genesis_hide_footer_widgets":false,"_genesis_custom_body_class":"","_genesis_custom_post_class":"","_genesis_layout":""},"yoast_head":"<!-- This site is optimized with the Yoast SEO plugin v18.0 - https:\/\/yoast.com\/wordpress\/plugins\/seo\/ -->\n<title>O nas - Spaw Stal S.K.<\/title>\n<meta name=\"robots\" content=\"index, follow, max-snippet:-1, max-image-preview:large, max-video-preview:-1\" \/>\n<link rel=\"canonical\" href=\"https:\/\/mediasoft.com.pl\/projekty\/spawstalsk\/o-nas\/\" \/>\n<meta property=\"og:locale\" content=\"pl_PL\" \/>\n<meta property=\"og:type\" content=\"article\" \/>\n<meta property=\"og:title\" content=\"O nas - Spaw Stal S.K.\" \/>\n<meta property=\"og:description\" content=\"Firma&nbsp;SPAW-STAL S. K.&nbsp;przedsi\u0119biorstwo dzia\u0142aj\u0105ce w bran\u017cy metalowej od 2009 roku ,oferuje szerok\u0105 gam\u0119 us\u0142ug:&nbsp;spawalniczo&#8211;\u015blusarskich, MIG-MAG 135-136, Tig 141,&nbsp;metaloplastyki&nbsp;i&nbsp;kowalstwa artystycznego. Dlatego g\u0142\u00f3wn\u0105 dewiz\u0105 naszej dzia\u0142alno\u015bci jest jako\u015b\u0107. W naszej ofercie znajdziecie Pa\u0144stwo szeroki wyb\u00f3r produkt\u00f3w metalowych oraz kutych. W naszym katalogu &nbsp;znale\u017a\u0107 mo\u017cna m.in.:&nbsp;odbojnice, barierki techniczne,&nbsp;balustrady kute-nowoczesne, balustrady ze stali nierdzewnej, ogrodzenia aluminiowe, konstrukcje metalowe,&nbsp;ogrodzenia panelowe,&nbsp;ogrodzenia [&hellip;]\" \/>\n<meta property=\"og:url\" content=\"https:\/\/mediasoft.com.pl\/projekty\/spawstalsk\/o-nas\/\" \/>\n<meta property=\"og:site_name\" content=\"Spaw Stal S.K.\" \/>\n<meta property=\"article:modified_time\" content=\"2019-01-30T13:30:51+00:00\" \/>\n<meta name=\"twitter:card\" content=\"summary_large_image\" \/>\n<meta name=\"twitter:label1\" content=\"Szacowany czas czytania\" \/>\n\t<meta name=\"twitter:data1\" content=\"1 minuta\" \/>\n<script type=\"application\/ld+json\" class=\"yoast-schema-graph\">{\"@context\":\"https:\/\/schema.org\",\"@graph\":[{\"@type\":\"WebSite\",\"@id\":\"https:\/\/mediasoft.com.pl\/projekty\/spawstalsk\/#website\",\"url\":\"https:\/\/mediasoft.com.pl\/projekty\/spawstalsk\/\",\"name\":\"Spaw Stal S.K.\",\"description\":\"Nowoczesne Ogrodzenia\",\"potentialAction\":[{\"@type\":\"SearchAction\",\"target\":{\"@type\":\"EntryPoint\",\"urlTemplate\":\"https:\/\/mediasoft.com.pl\/projekty\/spawstalsk\/?s={search_term_string}\"},\"query-input\":\"required name=search_term_string\"}],\"inLanguage\":\"pl-PL\"},{\"@type\":\"WebPage\",\"@id\":\"https:\/\/mediasoft.com.pl\/projekty\/spawstalsk\/o-nas\/#webpage\",\"url\":\"https:\/\/mediasoft.com.pl\/projekty\/spawstalsk\/o-nas\/\",\"name\":\"O nas - Spaw Stal S.K.\",\"isPartOf\":{\"@id\":\"https:\/\/mediasoft.com.pl\/projekty\/spawstalsk\/#website\"},\"datePublished\":\"2017-04-30T00:04:04+00:00\",\"dateModified\":\"2019-01-30T13:30:51+00:00\",\"breadcrumb\":{\"@id\":\"https:\/\/mediasoft.com.pl\/projekty\/spawstalsk\/o-nas\/#breadcrumb\"},\"inLanguage\":\"pl-PL\",\"potentialAction\":[{\"@type\":\"ReadAction\",\"target\":[\"https:\/\/mediasoft.com.pl\/projekty\/spawstalsk\/o-nas\/\"]}]},{\"@type\":\"BreadcrumbList\",\"@id\":\"https:\/\/mediasoft.com.pl\/projekty\/spawstalsk\/o-nas\/#breadcrumb\",\"itemListElement\":[{\"@type\":\"ListItem\",\"position\":1,\"name\":\"Strona g\u0142\u00f3wna\",\"item\":\"https:\/\/mediasoft.com.pl\/projekty\/spawstalsk\/\"},{\"@type\":\"ListItem\",\"position\":2,\"name\":\"O nas\"}]}]}<\/script>\n<!-- \/ Yoast SEO plugin. -->","yoast_head_json":{"title":"O nas - Spaw Stal S.K.","robots":{"index":"index","follow":"follow","max-snippet":"max-snippet:-1","max-image-preview":"max-image-preview:large","max-video-preview":"max-video-preview:-1"},"canonical":"https:\/\/mediasoft.com.pl\/projekty\/spawstalsk\/o-nas\/","og_locale":"pl_PL","og_type":"article","og_title":"O nas - Spaw Stal S.K.","og_description":"Firma&nbsp;SPAW-STAL S. K.&nbsp;przedsi\u0119biorstwo dzia\u0142aj\u0105ce w bran\u017cy metalowej od 2009 roku ,oferuje szerok\u0105 gam\u0119 us\u0142ug:&nbsp;spawalniczo&#8211;\u015blusarskich, MIG-MAG 135-136, Tig 141,&nbsp;metaloplastyki&nbsp;i&nbsp;kowalstwa artystycznego. Dlatego g\u0142\u00f3wn\u0105 dewiz\u0105 naszej dzia\u0142alno\u015bci jest jako\u015b\u0107. W naszej ofercie znajdziecie Pa\u0144stwo szeroki wyb\u00f3r produkt\u00f3w metalowych oraz kutych. W naszym katalogu &nbsp;znale\u017a\u0107 mo\u017cna m.in.:&nbsp;odbojnice, barierki techniczne,&nbsp;balustrady kute-nowoczesne, balustrady ze stali nierdzewnej, ogrodzenia aluminiowe, konstrukcje metalowe,&nbsp;ogrodzenia panelowe,&nbsp;ogrodzenia [&hellip;]","og_url":"https:\/\/mediasoft.com.pl\/projekty\/spawstalsk\/o-nas\/","og_site_name":"Spaw Stal S.K.","article_modified_time":"2019-01-30T13:30:51+00:00","twitter_card":"summary_large_image","twitter_misc":{"Szacowany czas czytania":"1 minuta"},"schema":{"@context":"https:\/\/schema.org","@graph":[{"@type":"WebSite","@id":"https:\/\/mediasoft.com.pl\/projekty\/spawstalsk\/#website","url":"https:\/\/mediasoft.com.pl\/projekty\/spawstalsk\/","name":"Spaw Stal S.K.","description":"Nowoczesne Ogrodzenia","potentialAction":[{"@type":"SearchAction","target":{"@type":"EntryPoint","urlTemplate":"https:\/\/mediasoft.com.pl\/projekty\/spawstalsk\/?s={search_term_string}"},"query-input":"required name=search_term_string"}],"inLanguage":"pl-PL"},{"@type":"WebPage","@id":"https:\/\/mediasoft.com.pl\/projekty\/spawstalsk\/o-nas\/#webpage","url":"https:\/\/mediasoft.com.pl\/projekty\/spawstalsk\/o-nas\/","name":"O nas - Spaw Stal S.K.","isPartOf":{"@id":"https:\/\/mediasoft.com.pl\/projekty\/spawstalsk\/#website"},"datePublished":"2017-04-30T00:04:04+00:00","dateModified":"2019-01-30T13:30:51+00:00","breadcrumb":{"@id":"https:\/\/mediasoft.com.pl\/projekty\/spawstalsk\/o-nas\/#breadcrumb"},"inLanguage":"pl-PL","potentialAction":[{"@type":"ReadAction","target":["https:\/\/mediasoft.com.pl\/projekty\/spawstalsk\/o-nas\/"]}]},{"@type":"BreadcrumbList","@id":"https:\/\/mediasoft.com.pl\/projekty\/spawstalsk\/o-nas\/#breadcrumb","itemListElement":[{"@type":"ListItem","position":1,"name":"Strona g\u0142\u00f3wna","item":"https:\/\/mediasoft.com.pl\/projekty\/spawstalsk\/"},{"@type":"ListItem","position":2,"name":"O nas"}]}]}},"_links":{"self":[{"href":"https:\/\/mediasoft.com.pl\/projekty\/spawstalsk\/wp-json\/wp\/v2\/pages\/2"}],"collection":[{"href":"https:\/\/mediasoft.com.pl\/projekty\/spawstalsk\/wp-json\/wp\/v2\/pages"}],"about":[{"href":"https:\/\/mediasoft.com.pl\/projekty\/spawstalsk\/wp-json\/wp\/v2\/types\/page"}],"author":[{"embeddable":true,"href":"https:\/\/mediasoft.com.pl\/projekty\/spawstalsk\/wp-json\/wp\/v2\/users\/1"}],"replies":[{"embeddable":true,"href":"https:\/\/mediasoft.com.pl\/projekty\/spawstalsk\/wp-json\/wp\/v2\/comments?post=2"}],"version-history":[{"count":21,"href":"https:\/\/mediasoft.com.pl\/projekty\/spawstalsk\/wp-json\/wp\/v2\/pages\/2\/revisions"}],"predecessor-version":[{"id":1446,"href":"https:\/\/mediasoft.com.pl\/projekty\/spawstalsk\/wp-json\/wp\/v2\/pages\/2\/revisions\/1446"}],"wp:attachment":[{"href":"https:\/\/mediasoft.com.pl\/projekty\/spawstalsk\/wp-json\/wp\/v2\/media?parent=2"}],"curies":[{"name":"wp","href":"https:\/\/api.w.org\/{rel}","templated":true}]}}