{"id":13,"date":"2017-04-30T10:13:19","date_gmt":"2017-04-30T10:13:19","guid":{"rendered":"https:\/\/mediasoft.com.pl\/projekty\/spawstalsk\/?page_id=13"},"modified":"2019-11-05T19:03:10","modified_gmt":"2019-11-05T19:03:10","slug":"oferta","status":"publish","type":"page","link":"https:\/\/mediasoft.com.pl\/projekty\/spawstalsk\/realizacje\/oferta\/","title":{"rendered":"Bramy"},"content":{"rendered":"<div id=\"pg-86-2\" class=\"panel-grid panel-no-style\" data-style=\"{&quot;background_image_attachment&quot;:false,&quot;background_display&quot;:&quot;tile&quot;,&quot;cell_alignment&quot;:&quot;flex-start&quot;}\" data-ratio=\"1\" data-ratio-direction=\"right\">\n<div id=\"pgc-86-2-0\" class=\"panel-grid-cell\" data-weight=\"1\">\n<div id=\"panel-86-2-0-0\" class=\"so-panel widget panel-first-child panel-last-child\" style=\"text-align: center;\" data-index=\"0\"><\/div>\n<\/div>\n<\/div>\n<p style=\"text-align: justify;\"><a href=\"https:\/\/mediasoft.com.pl\/projekty\/spawstalsk\/wp-content\/uploads\/2017\/04\/slider_1.jpg\"><img loading=\"lazy\" class=\"aligncenter wp-image-267 size-full\" src=\"https:\/\/mediasoft.com.pl\/projekty\/spawstalsk\/wp-content\/uploads\/2017\/04\/slider_1.jpg\" alt=\"\" width=\"1144\" height=\"340\" srcset=\"https:\/\/mediasoft.com.pl\/projekty\/spawstalsk\/wp-content\/uploads\/2017\/04\/slider_1.jpg 1144w, https:\/\/mediasoft.com.pl\/projekty\/spawstalsk\/wp-content\/uploads\/2017\/04\/slider_1-300x89.jpg 300w, https:\/\/mediasoft.com.pl\/projekty\/spawstalsk\/wp-content\/uploads\/2017\/04\/slider_1-768x228.jpg 768w, https:\/\/mediasoft.com.pl\/projekty\/spawstalsk\/wp-content\/uploads\/2017\/04\/slider_1-1024x304.jpg 1024w, https:\/\/mediasoft.com.pl\/projekty\/spawstalsk\/wp-content\/uploads\/2017\/04\/slider_1-1140x340.jpg 1140w\" sizes=\"(max-width: 1144px) 100vw, 1144px\" \/><\/a><strong>Bramy<\/strong> s\u0105 elementem zwie\u0144czaj\u0105cym ca\u0142e ogrodzenie, dlatego te\u017c nale\u017cy prawid\u0142owo dobra\u0107 parametry i rodzaj bramy. Zaletami <strong>bram przesuwnych<\/strong> i <strong>dwuskrzyd\u0142owych<\/strong> jest ich du\u017ca estetyka i funkcjonalno\u015b\u0107. Doskonale nadaj\u0105 si\u0119 do zamkni\u0119cia wjazd\u00f3w do dom\u00f3w jednorodzinnych, obiekt\u00f3w przemys\u0142owych, hal, magazyn\u00f3w oraz plac\u00f3w i parking\u00f3w.<\/p>\n<p>Wszystkie produkowane przez nas bramy s\u0105 wykonywane wg specyfikacji technicznej przygotowanej w oparciu o \u017cyczenia i potrzeby naszych klient\u00f3w. Ka\u017cda brama mo\u017ce by\u0107 wyposa\u017cona w opcje dodatkowe np.: <strong>nap\u0119d<\/strong>,<strong>zamek,klamk\u0119.<\/strong>\u00a0Oferujemy wysokiej jako\u015bci <strong>ogrodzenia i bramy wjazdowe<\/strong>. Zajmujemy si\u0119 ich projektowaniem, <strong>wykonaniem<\/strong> i <strong>monta\u017cem<\/strong>. Wykonujemy te\u017c zam\u00f3wienia indywidualne na \u017cyczenie klienta.<\/p>\n<p>&nbsp;<\/p>\n<div class=\"ezcol ezcol-one-half  2\">\n<p><a href=\"https:\/\/mediasoft.com.pl\/projekty\/spawstalsk\/wp-content\/uploads\/2019\/11\/bramy_segmentowe_garazowe_nitus.jpg\"><img loading=\"lazy\" class=\"size-medium wp-image-1546 aligncenter\" src=\"https:\/\/mediasoft.com.pl\/projekty\/spawstalsk\/wp-content\/uploads\/2019\/11\/bramy_segmentowe_garazowe_nitus-300x200.jpg\" alt=\"\" width=\"300\" height=\"200\" srcset=\"https:\/\/mediasoft.com.pl\/projekty\/spawstalsk\/wp-content\/uploads\/2019\/11\/bramy_segmentowe_garazowe_nitus-300x200.jpg 300w, https:\/\/mediasoft.com.pl\/projekty\/spawstalsk\/wp-content\/uploads\/2019\/11\/bramy_segmentowe_garazowe_nitus.jpg 750w\" sizes=\"(max-width: 300px) 100vw, 300px\" \/><\/a><\/p>\n<p style=\"text-align: center;\"><a href=\"https:\/\/mediasoft.com.pl\/projekty\/spawstalsk\/?page_id=337&amp;lang=pl\"><strong>GARA\u017bOWE<\/strong><\/a><\/p>\n<\/div>\n<div class=\"ezcol ezcol-one-half ezcol-last  2\">\n<p>&nbsp;<\/p>\n<p>&nbsp;<\/p>\n<\/div><div class=\"ezcol-divider\"><\/div>\n<div class=\"ezcol ezcol-one-half  2\">\n<p><a href=\"https:\/\/mediasoft.com.pl\/projekty\/spawstalsk\/wp-content\/uploads\/2019\/11\/IMG_20151218_132059.jpg\"><img loading=\"lazy\" class=\"size-medium wp-image-1562 aligncenter\" src=\"https:\/\/mediasoft.com.pl\/projekty\/spawstalsk\/wp-content\/uploads\/2019\/11\/IMG_20151218_132059-300x225.jpg\" alt=\"\" width=\"300\" height=\"225\" srcset=\"https:\/\/mediasoft.com.pl\/projekty\/spawstalsk\/wp-content\/uploads\/2019\/11\/IMG_20151218_132059-300x225.jpg 300w, https:\/\/mediasoft.com.pl\/projekty\/spawstalsk\/wp-content\/uploads\/2019\/11\/IMG_20151218_132059-768x576.jpg 768w, https:\/\/mediasoft.com.pl\/projekty\/spawstalsk\/wp-content\/uploads\/2019\/11\/IMG_20151218_132059.jpg 896w\" sizes=\"(max-width: 300px) 100vw, 300px\" \/><\/a><\/p>\n<p style=\"text-align: center;\"><a href=\"https:\/\/mediasoft.com.pl\/projekty\/spawstalsk\/?page_id=341&amp;lang=pl\"><strong>PRZESUWNE<\/strong><\/a><\/p>\n<\/div>\n<div class=\"ezcol ezcol-one-half ezcol-last  2\">\n<p style=\"text-align: center;\"><a href=\"https:\/\/mediasoft.com.pl\/projekty\/spawstalsk\/wp-content\/uploads\/2019\/11\/IMG_20151212_100608.jpg\"><img loading=\"lazy\" class=\"alignnone size-medium wp-image-1563\" src=\"https:\/\/mediasoft.com.pl\/projekty\/spawstalsk\/wp-content\/uploads\/2019\/11\/IMG_20151212_100608-300x225.jpg\" alt=\"\" width=\"300\" height=\"225\" srcset=\"https:\/\/mediasoft.com.pl\/projekty\/spawstalsk\/wp-content\/uploads\/2019\/11\/IMG_20151212_100608-300x225.jpg 300w, https:\/\/mediasoft.com.pl\/projekty\/spawstalsk\/wp-content\/uploads\/2019\/11\/IMG_20151212_100608-768x576.jpg 768w, https:\/\/mediasoft.com.pl\/projekty\/spawstalsk\/wp-content\/uploads\/2019\/11\/IMG_20151212_100608.jpg 1024w\" sizes=\"(max-width: 300px) 100vw, 300px\" \/><\/a><\/p>\n<p style=\"text-align: center;\"><a href=\"https:\/\/mediasoft.com.pl\/projekty\/spawstalsk\/?page_id=343&amp;lang=pl\"><strong>DWUSKRZYD\u0141OWE<\/strong><\/a><\/p>\n<p>&nbsp;<\/p>\n<\/div><div class=\"ezcol-divider\"><\/div>\n<p style=\"text-align: center;\">\n","protected":false},"excerpt":{"rendered":"<p>Bramy s\u0105 elementem zwie\u0144czaj\u0105cym ca\u0142e ogrodzenie, dlatego te\u017c nale\u017cy prawid\u0142owo dobra\u0107 parametry i rodzaj bramy. Zaletami bram przesuwnych i dwuskrzyd\u0142owych jest ich du\u017ca estetyka i funkcjonalno\u015b\u0107. Doskonale nadaj\u0105 si\u0119 do zamkni\u0119cia wjazd\u00f3w do dom\u00f3w jednorodzinnych, obiekt\u00f3w przemys\u0142owych, hal, magazyn\u00f3w oraz plac\u00f3w i parking\u00f3w. Wszystkie produkowane przez nas bramy s\u0105 wykonywane wg specyfikacji technicznej przygotowanej w [&hellip;]<\/p>\n","protected":false},"author":1,"featured_media":267,"parent":86,"menu_order":12,"comment_status":"closed","ping_status":"closed","template":"","meta":{"_genesis_hide_title":false,"_genesis_hide_breadcrumbs":false,"_genesis_hide_singular_image":false,"_genesis_hide_footer_widgets":false,"_genesis_custom_body_class":"","_genesis_custom_post_class":"","_genesis_layout":""},"yoast_head":"<!-- This site is optimized with the Yoast SEO plugin v18.0 - https:\/\/yoast.com\/wordpress\/plugins\/seo\/ -->\n<title>Bramy - Spaw Stal S.K.<\/title>\n<meta name=\"robots\" content=\"index, follow, max-snippet:-1, max-image-preview:large, max-video-preview:-1\" \/>\n<link rel=\"canonical\" href=\"https:\/\/mediasoft.com.pl\/projekty\/spawstalsk\/realizacje\/oferta\/\" \/>\n<meta property=\"og:locale\" content=\"pl_PL\" \/>\n<meta property=\"og:type\" content=\"article\" \/>\n<meta property=\"og:title\" content=\"Bramy - Spaw Stal S.K.\" \/>\n<meta property=\"og:description\" content=\"Bramy s\u0105 elementem zwie\u0144czaj\u0105cym ca\u0142e ogrodzenie, dlatego te\u017c nale\u017cy prawid\u0142owo dobra\u0107 parametry i rodzaj bramy. Zaletami bram przesuwnych i dwuskrzyd\u0142owych jest ich du\u017ca estetyka i funkcjonalno\u015b\u0107. Doskonale nadaj\u0105 si\u0119 do zamkni\u0119cia wjazd\u00f3w do dom\u00f3w jednorodzinnych, obiekt\u00f3w przemys\u0142owych, hal, magazyn\u00f3w oraz plac\u00f3w i parking\u00f3w. Wszystkie produkowane przez nas bramy s\u0105 wykonywane wg specyfikacji technicznej przygotowanej w [&hellip;]\" \/>\n<meta property=\"og:url\" content=\"https:\/\/mediasoft.com.pl\/projekty\/spawstalsk\/realizacje\/oferta\/\" \/>\n<meta property=\"og:site_name\" content=\"Spaw Stal S.K.\" \/>\n<meta property=\"article:modified_time\" content=\"2019-11-05T19:03:10+00:00\" \/>\n<meta property=\"og:image\" content=\"https:\/\/mediasoft.com.pl\/projekty\/spawstalsk\/wp-content\/uploads\/2017\/04\/slider_1.jpg\" \/>\n\t<meta property=\"og:image:width\" content=\"1144\" \/>\n\t<meta property=\"og:image:height\" content=\"340\" \/>\n\t<meta property=\"og:image:type\" content=\"image\/jpeg\" \/>\n<meta name=\"twitter:card\" content=\"summary_large_image\" \/>\n<meta name=\"twitter:label1\" content=\"Szacowany czas czytania\" \/>\n\t<meta name=\"twitter:data1\" content=\"1 minuta\" \/>\n<script type=\"application\/ld+json\" class=\"yoast-schema-graph\">{\"@context\":\"https:\/\/schema.org\",\"@graph\":[{\"@type\":\"WebSite\",\"@id\":\"https:\/\/mediasoft.com.pl\/projekty\/spawstalsk\/#website\",\"url\":\"https:\/\/mediasoft.com.pl\/projekty\/spawstalsk\/\",\"name\":\"Spaw Stal S.K.\",\"description\":\"Nowoczesne Ogrodzenia\",\"potentialAction\":[{\"@type\":\"SearchAction\",\"target\":{\"@type\":\"EntryPoint\",\"urlTemplate\":\"https:\/\/mediasoft.com.pl\/projekty\/spawstalsk\/?s={search_term_string}\"},\"query-input\":\"required name=search_term_string\"}],\"inLanguage\":\"pl-PL\"},{\"@type\":\"ImageObject\",\"@id\":\"https:\/\/mediasoft.com.pl\/projekty\/spawstalsk\/realizacje\/oferta\/#primaryimage\",\"inLanguage\":\"pl-PL\",\"url\":\"https:\/\/mediasoft.com.pl\/projekty\/spawstalsk\/wp-content\/uploads\/2017\/04\/slider_1.jpg\",\"contentUrl\":\"https:\/\/mediasoft.com.pl\/projekty\/spawstalsk\/wp-content\/uploads\/2017\/04\/slider_1.jpg\",\"width\":1144,\"height\":340},{\"@type\":\"WebPage\",\"@id\":\"https:\/\/mediasoft.com.pl\/projekty\/spawstalsk\/realizacje\/oferta\/#webpage\",\"url\":\"https:\/\/mediasoft.com.pl\/projekty\/spawstalsk\/realizacje\/oferta\/\",\"name\":\"Bramy - Spaw Stal S.K.\",\"isPartOf\":{\"@id\":\"https:\/\/mediasoft.com.pl\/projekty\/spawstalsk\/#website\"},\"primaryImageOfPage\":{\"@id\":\"https:\/\/mediasoft.com.pl\/projekty\/spawstalsk\/realizacje\/oferta\/#primaryimage\"},\"datePublished\":\"2017-04-30T10:13:19+00:00\",\"dateModified\":\"2019-11-05T19:03:10+00:00\",\"breadcrumb\":{\"@id\":\"https:\/\/mediasoft.com.pl\/projekty\/spawstalsk\/realizacje\/oferta\/#breadcrumb\"},\"inLanguage\":\"pl-PL\",\"potentialAction\":[{\"@type\":\"ReadAction\",\"target\":[\"https:\/\/mediasoft.com.pl\/projekty\/spawstalsk\/realizacje\/oferta\/\"]}]},{\"@type\":\"BreadcrumbList\",\"@id\":\"https:\/\/mediasoft.com.pl\/projekty\/spawstalsk\/realizacje\/oferta\/#breadcrumb\",\"itemListElement\":[{\"@type\":\"ListItem\",\"position\":1,\"name\":\"Strona g\u0142\u00f3wna\",\"item\":\"https:\/\/mediasoft.com.pl\/projekty\/spawstalsk\/\"},{\"@type\":\"ListItem\",\"position\":2,\"name\":\"Realizacje\",\"item\":\"https:\/\/mediasoft.com.pl\/projekty\/spawstalsk\/realizacje\/\"},{\"@type\":\"ListItem\",\"position\":3,\"name\":\"Bramy\"}]}]}<\/script>\n<!-- \/ Yoast SEO plugin. -->","yoast_head_json":{"title":"Bramy - Spaw Stal S.K.","robots":{"index":"index","follow":"follow","max-snippet":"max-snippet:-1","max-image-preview":"max-image-preview:large","max-video-preview":"max-video-preview:-1"},"canonical":"https:\/\/mediasoft.com.pl\/projekty\/spawstalsk\/realizacje\/oferta\/","og_locale":"pl_PL","og_type":"article","og_title":"Bramy - Spaw Stal S.K.","og_description":"Bramy s\u0105 elementem zwie\u0144czaj\u0105cym ca\u0142e ogrodzenie, dlatego te\u017c nale\u017cy prawid\u0142owo dobra\u0107 parametry i rodzaj bramy. Zaletami bram przesuwnych i dwuskrzyd\u0142owych jest ich du\u017ca estetyka i funkcjonalno\u015b\u0107. Doskonale nadaj\u0105 si\u0119 do zamkni\u0119cia wjazd\u00f3w do dom\u00f3w jednorodzinnych, obiekt\u00f3w przemys\u0142owych, hal, magazyn\u00f3w oraz plac\u00f3w i parking\u00f3w. Wszystkie produkowane przez nas bramy s\u0105 wykonywane wg specyfikacji technicznej przygotowanej w [&hellip;]","og_url":"https:\/\/mediasoft.com.pl\/projekty\/spawstalsk\/realizacje\/oferta\/","og_site_name":"Spaw Stal S.K.","article_modified_time":"2019-11-05T19:03:10+00:00","og_image":[{"width":1144,"height":340,"url":"https:\/\/mediasoft.com.pl\/projekty\/spawstalsk\/wp-content\/uploads\/2017\/04\/slider_1.jpg","type":"image\/jpeg"}],"twitter_card":"summary_large_image","twitter_misc":{"Szacowany czas czytania":"1 minuta"},"schema":{"@context":"https:\/\/schema.org","@graph":[{"@type":"WebSite","@id":"https:\/\/mediasoft.com.pl\/projekty\/spawstalsk\/#website","url":"https:\/\/mediasoft.com.pl\/projekty\/spawstalsk\/","name":"Spaw Stal S.K.","description":"Nowoczesne Ogrodzenia","potentialAction":[{"@type":"SearchAction","target":{"@type":"EntryPoint","urlTemplate":"https:\/\/mediasoft.com.pl\/projekty\/spawstalsk\/?s={search_term_string}"},"query-input":"required name=search_term_string"}],"inLanguage":"pl-PL"},{"@type":"ImageObject","@id":"https:\/\/mediasoft.com.pl\/projekty\/spawstalsk\/realizacje\/oferta\/#primaryimage","inLanguage":"pl-PL","url":"https:\/\/mediasoft.com.pl\/projekty\/spawstalsk\/wp-content\/uploads\/2017\/04\/slider_1.jpg","contentUrl":"https:\/\/mediasoft.com.pl\/projekty\/spawstalsk\/wp-content\/uploads\/2017\/04\/slider_1.jpg","width":1144,"height":340},{"@type":"WebPage","@id":"https:\/\/mediasoft.com.pl\/projekty\/spawstalsk\/realizacje\/oferta\/#webpage","url":"https:\/\/mediasoft.com.pl\/projekty\/spawstalsk\/realizacje\/oferta\/","name":"Bramy - Spaw Stal S.K.","isPartOf":{"@id":"https:\/\/mediasoft.com.pl\/projekty\/spawstalsk\/#website"},"primaryImageOfPage":{"@id":"https:\/\/mediasoft.com.pl\/projekty\/spawstalsk\/realizacje\/oferta\/#primaryimage"},"datePublished":"2017-04-30T10:13:19+00:00","dateModified":"2019-11-05T19:03:10+00:00","breadcrumb":{"@id":"https:\/\/mediasoft.com.pl\/projekty\/spawstalsk\/realizacje\/oferta\/#breadcrumb"},"inLanguage":"pl-PL","potentialAction":[{"@type":"ReadAction","target":["https:\/\/mediasoft.com.pl\/projekty\/spawstalsk\/realizacje\/oferta\/"]}]},{"@type":"BreadcrumbList","@id":"https:\/\/mediasoft.com.pl\/projekty\/spawstalsk\/realizacje\/oferta\/#breadcrumb","itemListElement":[{"@type":"ListItem","position":1,"name":"Strona g\u0142\u00f3wna","item":"https:\/\/mediasoft.com.pl\/projekty\/spawstalsk\/"},{"@type":"ListItem","position":2,"name":"Realizacje","item":"https:\/\/mediasoft.com.pl\/projekty\/spawstalsk\/realizacje\/"},{"@type":"ListItem","position":3,"name":"Bramy"}]}]}},"_links":{"self":[{"href":"https:\/\/mediasoft.com.pl\/projekty\/spawstalsk\/wp-json\/wp\/v2\/pages\/13"}],"collection":[{"href":"https:\/\/mediasoft.com.pl\/projekty\/spawstalsk\/wp-json\/wp\/v2\/pages"}],"about":[{"href":"https:\/\/mediasoft.com.pl\/projekty\/spawstalsk\/wp-json\/wp\/v2\/types\/page"}],"author":[{"embeddable":true,"href":"https:\/\/mediasoft.com.pl\/projekty\/spawstalsk\/wp-json\/wp\/v2\/users\/1"}],"replies":[{"embeddable":true,"href":"https:\/\/mediasoft.com.pl\/projekty\/spawstalsk\/wp-json\/wp\/v2\/comments?post=13"}],"version-history":[{"count":41,"href":"https:\/\/mediasoft.com.pl\/projekty\/spawstalsk\/wp-json\/wp\/v2\/pages\/13\/revisions"}],"predecessor-version":[{"id":1564,"href":"https:\/\/mediasoft.com.pl\/projekty\/spawstalsk\/wp-json\/wp\/v2\/pages\/13\/revisions\/1564"}],"up":[{"embeddable":true,"href":"https:\/\/mediasoft.com.pl\/projekty\/spawstalsk\/wp-json\/wp\/v2\/pages\/86"}],"wp:featuredmedia":[{"embeddable":true,"href":"https:\/\/mediasoft.com.pl\/projekty\/spawstalsk\/wp-json\/wp\/v2\/media\/267"}],"wp:attachment":[{"href":"https:\/\/mediasoft.com.pl\/projekty\/spawstalsk\/wp-json\/wp\/v2\/media?parent=13"}],"curies":[{"name":"wp","href":"https:\/\/api.w.org\/{rel}","templated":true}]}}